{"id":2731,"date":"2025-06-12T18:31:00","date_gmt":"2025-06-12T15:31:00","guid":{"rendered":"https:\/\/guapimirim.rj.gov.br\/site\/?page_id=2731"},"modified":"2025-06-12T18:35:13","modified_gmt":"2025-06-12T15:35:13","slug":"inscricoes-conferencia-assistencia-social","status":"publish","type":"page","link":"https:\/\/guapimirim.rj.gov.br\/site\/inscricoes-conferencia-assistencia-social\/","title":{"rendered":"Inscri\u00e7\u00f5es Confer\u00eancia Assist\u00eancia Social"},"content":{"rendered":"\t\t<div data-elementor-type=\"wp-page\" data-elementor-id=\"2731\" class=\"elementor elementor-2731\" data-elementor-settings=\"{&quot;ha_cmc_init_switcher&quot;:&quot;no&quot;}\" data-elementor-post-type=\"page\">\n\t\t\t\t<div class=\"elementor-element elementor-element-7c799d9 e-flex e-con-boxed e-con e-parent\" data-id=\"7c799d9\" data-element_type=\"container\" data-e-type=\"container\" data-settings=\"{&quot;jet_parallax_layout_list&quot;:[],&quot;_ha_eqh_enable&quot;:false}\">\n\t\t\t\t\t<div class=\"e-con-inner\">\n\t\t\t\t<div class=\"elementor-element elementor-element-c97cb46 elementor-widget elementor-widget-jet-engine-booking-form\" data-id=\"c97cb46\" data-element_type=\"widget\" data-e-type=\"widget\" data-widget_type=\"jet-engine-booking-form.default\">\n\t\t\t\t<div class=\"elementor-widget-container\">\n\t\t\t\t\t<form  class=\"jet-form layout-column submit-type-reload\" action=\"\/site\/wp-json\/wp\/v2\/pages\/2731?jet_engine_action=book&#038;nocache=1777097652\" method=\"POST\" data-form-id=\"2730\"><input class=\"jet-form__field hidden-field\" type=\"hidden\" name=\"_jet_engine_booking_form_id\" value=\"2730\" data-field-name=\"_jet_engine_booking_form_id\"><input class=\"jet-form__field hidden-field\" type=\"hidden\" name=\"_jet_engine_refer\" value=\"https:\/\/guapimirim.rj.gov.br\/site\/wp-json\/wp\/v2\/pages\/2731\" data-field-name=\"_jet_engine_refer\"><div  class=\"jet-form-row jet-form-row--first-visible\"><div class=\"jet-form-col jet-form-col-12  field-type-text  jet-form-field-container\" data-field=\"nome\" data-conditional=\"false\"><div class=\"jet-form__label\">\n\t<span class=\"jet-form__label-text\" >Nome Completo \/ Nome Social<span class=\"jet-form__required\">*<\/span><\/span>\n\t<\/div><input class=\"jet-form__field text-field \" required=\"required\" name=\"nome\" id=\"nome\" type=\"text\" data-field-name=\"nome\"><small class=\"jet-form__desc\"><span class=\"jet-form__desc-text\">Caso haja interesse em participar da Confer\u00eancia Estadual como delegado \u00e9 necess\u00e1rio entregar documentos comprobat\u00f3rios ao segmento que representa.<\/span><\/small><\/div><\/div><div  class=\"jet-form-row\"><div class=\"jet-form-col jet-form-col-12  field-type-radio  jet-form-field-container\" data-field=\"escolaridade\" data-conditional=\"false\"><div class=\"jet-form__label\">\n\t<span class=\"jet-form__label-text\" >Escolaridade<span class=\"jet-form__required\">*<\/span><\/span>\n\t<\/div><div class=\"jet-form__fields-group checkradio-wrap\">\t\t<div class=\"jet-form__field-wrap radio-wrap checkradio-wrap\">\n\t\t\t\t\t\t<label class=\"jet-form__field-label\">\n\t\t\t\t<input\n\t\t\t\t\ttype=\"radio\"\n\t\t\t\t\tname=\"escolaridade\"\n\t\t\t\t\tclass=\"jet-form__field radio-field checkradio-field\"\n\t\t\t\t\tvalue=\"Ensino Fundamental\"\n\t\t\t\t\tdata-field-name=\"escolaridade\"\n\t\t\t\t\t\t\t\t\t\trequired=\"required\"\t\t\t\t\t\t\t\t\t\t\t\t\t\t>\n\t\t\t\tEnsino Fundamental\t\t\t<\/label>\n\t\t<\/div>\n\t\t\t\t<div class=\"jet-form__field-wrap radio-wrap checkradio-wrap\">\n\t\t\t\t\t\t<label class=\"jet-form__field-label\">\n\t\t\t\t<input\n\t\t\t\t\ttype=\"radio\"\n\t\t\t\t\tname=\"escolaridade\"\n\t\t\t\t\tclass=\"jet-form__field radio-field checkradio-field\"\n\t\t\t\t\tvalue=\"Ensino M\u00e9dio\"\n\t\t\t\t\tdata-field-name=\"escolaridade\"\n\t\t\t\t\t\t\t\t\t\trequired=\"required\"\t\t\t\t\t\t\t\t\t\t\t\t\t\t>\n\t\t\t\tEnsino M\u00e9dio\t\t\t<\/label>\n\t\t<\/div>\n\t\t\t\t<div class=\"jet-form__field-wrap radio-wrap checkradio-wrap\">\n\t\t\t\t\t\t<label class=\"jet-form__field-label\">\n\t\t\t\t<input\n\t\t\t\t\ttype=\"radio\"\n\t\t\t\t\tname=\"escolaridade\"\n\t\t\t\t\tclass=\"jet-form__field radio-field checkradio-field\"\n\t\t\t\t\tvalue=\"Ensino Superior\"\n\t\t\t\t\tdata-field-name=\"escolaridade\"\n\t\t\t\t\t\t\t\t\t\trequired=\"required\"\t\t\t\t\t\t\t\t\t\t\t\t\t\t>\n\t\t\t\tEnsino Superior\t\t\t<\/label>\n\t\t<\/div>\n\t\t<\/div><\/div><\/div><div  class=\"jet-form-row\"><div class=\"jet-form-col jet-form-col-12  field-type-radio  jet-form-field-container\" data-field=\"raca\" data-conditional=\"false\"><div class=\"jet-form__label\">\n\t<span class=\"jet-form__label-text\" >Ra\u00e7a<span class=\"jet-form__required\">*<\/span><\/span>\n\t<\/div><div class=\"jet-form__fields-group checkradio-wrap\">\t\t<div class=\"jet-form__field-wrap radio-wrap checkradio-wrap\">\n\t\t\t\t\t\t<label class=\"jet-form__field-label\">\n\t\t\t\t<input\n\t\t\t\t\ttype=\"radio\"\n\t\t\t\t\tname=\"raca\"\n\t\t\t\t\tclass=\"jet-form__field radio-field checkradio-field\"\n\t\t\t\t\tvalue=\"Preto(a)\"\n\t\t\t\t\tdata-field-name=\"raca\"\n\t\t\t\t\t\t\t\t\t\trequired=\"required\"\t\t\t\t\t\t\t\t\t\t\t\t\t\t>\n\t\t\t\tPreto(a)\t\t\t<\/label>\n\t\t<\/div>\n\t\t\t\t<div class=\"jet-form__field-wrap radio-wrap checkradio-wrap\">\n\t\t\t\t\t\t<label class=\"jet-form__field-label\">\n\t\t\t\t<input\n\t\t\t\t\ttype=\"radio\"\n\t\t\t\t\tname=\"raca\"\n\t\t\t\t\tclass=\"jet-form__field radio-field checkradio-field\"\n\t\t\t\t\tvalue=\"Pardo(a)\"\n\t\t\t\t\tdata-field-name=\"raca\"\n\t\t\t\t\t\t\t\t\t\trequired=\"required\"\t\t\t\t\t\t\t\t\t\t\t\t\t\t>\n\t\t\t\tPardo(a)\t\t\t<\/label>\n\t\t<\/div>\n\t\t\t\t<div class=\"jet-form__field-wrap radio-wrap checkradio-wrap\">\n\t\t\t\t\t\t<label class=\"jet-form__field-label\">\n\t\t\t\t<input\n\t\t\t\t\ttype=\"radio\"\n\t\t\t\t\tname=\"raca\"\n\t\t\t\t\tclass=\"jet-form__field radio-field checkradio-field\"\n\t\t\t\t\tvalue=\"Branco(a)\"\n\t\t\t\t\tdata-field-name=\"raca\"\n\t\t\t\t\t\t\t\t\t\trequired=\"required\"\t\t\t\t\t\t\t\t\t\t\t\t\t\t>\n\t\t\t\tBranco(a)\t\t\t<\/label>\n\t\t<\/div>\n\t\t\t\t<div class=\"jet-form__field-wrap radio-wrap checkradio-wrap\">\n\t\t\t\t\t\t<label class=\"jet-form__field-label\">\n\t\t\t\t<input\n\t\t\t\t\ttype=\"radio\"\n\t\t\t\t\tname=\"raca\"\n\t\t\t\t\tclass=\"jet-form__field radio-field checkradio-field\"\n\t\t\t\t\tvalue=\"Amarelo(a)\"\n\t\t\t\t\tdata-field-name=\"raca\"\n\t\t\t\t\t\t\t\t\t\trequired=\"required\"\t\t\t\t\t\t\t\t\t\t\t\t\t\t>\n\t\t\t\tAmarelo(a)\t\t\t<\/label>\n\t\t<\/div>\n\t\t\t\t<div class=\"jet-form__field-wrap radio-wrap checkradio-wrap\">\n\t\t\t\t\t\t<label class=\"jet-form__field-label\">\n\t\t\t\t<input\n\t\t\t\t\ttype=\"radio\"\n\t\t\t\t\tname=\"raca\"\n\t\t\t\t\tclass=\"jet-form__field radio-field checkradio-field\"\n\t\t\t\t\tvalue=\"Ind\u00edgena\"\n\t\t\t\t\tdata-field-name=\"raca\"\n\t\t\t\t\t\t\t\t\t\trequired=\"required\"\t\t\t\t\t\t\t\t\t\t\t\t\t\t>\n\t\t\t\tIndigena\t\t\t<\/label>\n\t\t<\/div>\n\t\t<\/div><\/div><\/div><div  class=\"jet-form-row\"><div class=\"jet-form-col jet-form-col-6  field-type-select  jet-form-field-container\" data-field=\"genero\" data-conditional=\"false\"><div class=\"jet-form__label\">\n\t<span class=\"jet-form__label-text\" >G\u00eanero<span class=\"jet-form__required\">*<\/span><\/span>\n\t<\/div><select  required=\"required\" name=\"genero\" data-field-name=\"genero\" id=\"genero\" data-default-val=\"\" class=\"jet-form__field select-field\"><option value=\"Selecione\" >Selecione<\/option><option value=\"Feminino\" >Feminino<\/option><option value=\"Masculino\" >Masculino<\/option><option value=\"LGBTQIAPN+\" >LGBTQIAPN+<\/option><option value=\"Prefiro n\u00e3o informar\" >Prefiro n\u00e3o informar<\/option><\/select><\/div><div class=\"jet-form-col jet-form-col-6  field-type-select  jet-form-field-container\" data-field=\"faixa-etaria\" data-conditional=\"false\"><div class=\"jet-form__label\">\n\t<span class=\"jet-form__label-text\" >Faixa Et\u00e1ria<span class=\"jet-form__required\">*<\/span><\/span>\n\t<\/div><select  required=\"required\" name=\"faixa-etaria\" data-field-name=\"faixa-etaria\" id=\"faixa-etaria\" data-default-val=\"\" class=\"jet-form__field select-field\"><option value=\"Adolescente - 12 \u00e0 18 anos incompletos\" >Adolescente - 12 \u00e0 18 anos incompletos<\/option><option value=\"Jovem - 18 \u00e0 29 anos\" >Jovem - 18 \u00e0 29 anos<\/option><option value=\"Adulto - 30 \u00e0 59 anos\" >Adulto - 30 \u00e0 59 anos<\/option><option value=\"Idosos - 60 anos ou mais\" >Idosos - 60 anos ou mais<\/option><\/select><\/div><\/div><div  class=\"jet-form-row\"><div class=\"jet-form-col jet-form-col-3  field-type-text  jet-form-field-container\" data-field=\"cpf\" data-conditional=\"false\"><div class=\"jet-form__label\">\n\t<span class=\"jet-form__label-text\" >CPF<span class=\"jet-form__required\">*<\/span><\/span>\n\t<\/div><input class=\"jet-form__field text-field \" value=\"\" required=\"required\" name=\"cpf\" id=\"cpf\" type=\"text\" data-field-name=\"cpf\"><\/div><div class=\"jet-form-col jet-form-col-3  field-type-text  jet-form-field-container\" data-field=\"telefone\" data-conditional=\"false\"><div class=\"jet-form__label\">\n\t<span class=\"jet-form__label-text\" >Telefone<span class=\"jet-form__required\">*<\/span><\/span>\n\t<\/div><input class=\"jet-form__field text-field \" value=\"(99) 99999 9999\" required=\"required\" name=\"telefone\" id=\"telefone\" type=\"tel\" data-field-name=\"telefone\"><\/div><div class=\"jet-form-col jet-form-col-6  field-type-text  jet-form-field-container\" data-field=\"email\" data-conditional=\"false\"><div class=\"jet-form__label\">\n\t<span class=\"jet-form__label-text\" >Email<span class=\"jet-form__required\">*<\/span><\/span>\n\t<\/div><input class=\"jet-form__field text-field \" value=\"\" required=\"required\" name=\"email\" id=\"email\" type=\"email\" data-field-name=\"email\"><\/div><\/div><div  class=\"jet-form-row\"><div class=\"jet-form-col jet-form-col-12  field-type-text  jet-form-field-container\" data-field=\"endereco\" data-conditional=\"false\"><div class=\"jet-form__label\">\n\t<span class=\"jet-form__label-text\" >Endere\u00e7o<span class=\"jet-form__required\">*<\/span><\/span>\n\t<\/div><input class=\"jet-form__field text-field \" value=\"\" required=\"required\" name=\"endereco\" id=\"endereco\" type=\"text\" data-field-name=\"endereco\"><\/div><\/div><div  class=\"jet-form-row\"><div class=\"jet-form-col jet-form-col-6  field-type-radio  jet-form-field-container\" data-field=\"necessidades-especiais\" data-conditional=\"false\"><div class=\"jet-form__label\">\n\t<span class=\"jet-form__label-text\" >Possui alguma necessidade espec\u00edfica?<span class=\"jet-form__required\">*<\/span><\/span>\n\t<\/div><div class=\"jet-form__fields-group checkradio-wrap\">\t\t<div class=\"jet-form__field-wrap radio-wrap checkradio-wrap\">\n\t\t\t\t\t\t<label class=\"jet-form__field-label\">\n\t\t\t\t<input\n\t\t\t\t\ttype=\"radio\"\n\t\t\t\t\tname=\"necessidades-especiais\"\n\t\t\t\t\tclass=\"jet-form__field radio-field checkradio-field\"\n\t\t\t\t\tvalue=\"Sim\"\n\t\t\t\t\tdata-field-name=\"necessidades-especiais\"\n\t\t\t\t\t\t\t\t\t\trequired=\"required\"\t\t\t\t\t\t\t\t\t\t\t\t\t\t>\n\t\t\t\tSim\t\t\t<\/label>\n\t\t<\/div>\n\t\t\t\t<div class=\"jet-form__field-wrap radio-wrap checkradio-wrap\">\n\t\t\t\t\t\t<label class=\"jet-form__field-label\">\n\t\t\t\t<input\n\t\t\t\t\ttype=\"radio\"\n\t\t\t\t\tname=\"necessidades-especiais\"\n\t\t\t\t\tclass=\"jet-form__field radio-field checkradio-field\"\n\t\t\t\t\tvalue=\"N\u00e3o\"\n\t\t\t\t\tdata-field-name=\"necessidades-especiais\"\n\t\t\t\t\t\t\t\t\t\trequired=\"required\"\t\t\t\t\t\t\t\t\t\t\t\t\t\t>\n\t\t\t\tN\u00e3o\t\t\t<\/label>\n\t\t<\/div>\n\t\t<\/div><\/div><div class=\"jet-form-col jet-form-col-6  field-type-text  jet-form-field-container\" data-field=\"necessidade-descricao\" data-conditional=\"false\"><div class=\"jet-form__label\">\n\t<span class=\"jet-form__label-text\" >Se sim, qual?<\/span>\n\t<\/div><input class=\"jet-form__field text-field \" value=\"\" name=\"necessidade-descricao\" id=\"necessidade-descricao\" type=\"text\" data-field-name=\"necessidade-descricao\"><\/div><\/div><div  class=\"jet-form-row\"><div class=\"jet-form-col jet-form-col-12  field-type-radio  jet-form-field-container\" data-field=\"grupos-tradicionais\" data-conditional=\"false\"><div class=\"jet-form__label\">\n\t<span class=\"jet-form__label-text\" >Pertence \u00e0 algum grupo tradicional espec\u00edfico?<span class=\"jet-form__required\">*<\/span><\/span>\n\t<\/div><div class=\"jet-form__fields-group checkradio-wrap\">\t\t<div class=\"jet-form__field-wrap radio-wrap checkradio-wrap\">\n\t\t\t\t\t\t<label class=\"jet-form__field-label\">\n\t\t\t\t<input\n\t\t\t\t\ttype=\"radio\"\n\t\t\t\t\tname=\"grupos-tradicionais\"\n\t\t\t\t\tclass=\"jet-form__field radio-field checkradio-field\"\n\t\t\t\t\tvalue=\"Ind\u00edgena\"\n\t\t\t\t\tdata-field-name=\"grupos-tradicionais\"\n\t\t\t\t\t\t\t\t\t\trequired=\"required\"\t\t\t\t\t\t\t\t\t\t\t\t\t\t>\n\t\t\t\tInd\u00edgena\t\t\t<\/label>\n\t\t<\/div>\n\t\t\t\t<div class=\"jet-form__field-wrap radio-wrap checkradio-wrap\">\n\t\t\t\t\t\t<label class=\"jet-form__field-label\">\n\t\t\t\t<input\n\t\t\t\t\ttype=\"radio\"\n\t\t\t\t\tname=\"grupos-tradicionais\"\n\t\t\t\t\tclass=\"jet-form__field radio-field checkradio-field\"\n\t\t\t\t\tvalue=\"Catador de Materiais Recicl\u00e1veis\"\n\t\t\t\t\tdata-field-name=\"grupos-tradicionais\"\n\t\t\t\t\t\t\t\t\t\trequired=\"required\"\t\t\t\t\t\t\t\t\t\t\t\t\t\t>\n\t\t\t\tCatador de Materiais Recicl\u00e1veis\t\t\t<\/label>\n\t\t<\/div>\n\t\t\t\t<div class=\"jet-form__field-wrap radio-wrap checkradio-wrap\">\n\t\t\t\t\t\t<label class=\"jet-form__field-label\">\n\t\t\t\t<input\n\t\t\t\t\ttype=\"radio\"\n\t\t\t\t\tname=\"grupos-tradicionais\"\n\t\t\t\t\tclass=\"jet-form__field radio-field checkradio-field\"\n\t\t\t\t\tvalue=\"Resgatados de Trabalho An\u00e1logo a Escravo\"\n\t\t\t\t\tdata-field-name=\"grupos-tradicionais\"\n\t\t\t\t\t\t\t\t\t\trequired=\"required\"\t\t\t\t\t\t\t\t\t\t\t\t\t\t>\n\t\t\t\tResgatados de Trabalho An\u00e1logo a Escravo\t\t\t<\/label>\n\t\t<\/div>\n\t\t\t\t<div class=\"jet-form__field-wrap radio-wrap checkradio-wrap\">\n\t\t\t\t\t\t<label class=\"jet-form__field-label\">\n\t\t\t\t<input\n\t\t\t\t\ttype=\"radio\"\n\t\t\t\t\tname=\"grupos-tradicionais\"\n\t\t\t\t\tclass=\"jet-form__field radio-field checkradio-field\"\n\t\t\t\t\tvalue=\"Pessoa em Situa\u00e7\u00e3o de Rua\"\n\t\t\t\t\tdata-field-name=\"grupos-tradicionais\"\n\t\t\t\t\t\t\t\t\t\trequired=\"required\"\t\t\t\t\t\t\t\t\t\t\t\t\t\t>\n\t\t\t\tPessoa em Situa\u00e7\u00e3o de Rua\t\t\t<\/label>\n\t\t<\/div>\n\t\t\t\t<div class=\"jet-form__field-wrap radio-wrap checkradio-wrap\">\n\t\t\t\t\t\t<label class=\"jet-form__field-label\">\n\t\t\t\t<input\n\t\t\t\t\ttype=\"radio\"\n\t\t\t\t\tname=\"grupos-tradicionais\"\n\t\t\t\t\tclass=\"jet-form__field radio-field checkradio-field\"\n\t\t\t\t\tvalue=\"Quilombola\"\n\t\t\t\t\tdata-field-name=\"grupos-tradicionais\"\n\t\t\t\t\t\t\t\t\t\trequired=\"required\"\t\t\t\t\t\t\t\t\t\t\t\t\t\t>\n\t\t\t\tQuilombola\t\t\t<\/label>\n\t\t<\/div>\n\t\t\t\t<div class=\"jet-form__field-wrap radio-wrap checkradio-wrap\">\n\t\t\t\t\t\t<label class=\"jet-form__field-label\">\n\t\t\t\t<input\n\t\t\t\t\ttype=\"radio\"\n\t\t\t\t\tname=\"grupos-tradicionais\"\n\t\t\t\t\tclass=\"jet-form__field radio-field checkradio-field\"\n\t\t\t\t\tvalue=\"Fam\u00edlia Cigana\"\n\t\t\t\t\tdata-field-name=\"grupos-tradicionais\"\n\t\t\t\t\t\t\t\t\t\trequired=\"required\"\t\t\t\t\t\t\t\t\t\t\t\t\t\t>\n\t\t\t\tFam\u00edlia Cigana\t\t\t<\/label>\n\t\t<\/div>\n\t\t\t\t<div class=\"jet-form__field-wrap radio-wrap checkradio-wrap\">\n\t\t\t\t\t\t<label class=\"jet-form__field-label\">\n\t\t\t\t<input\n\t\t\t\t\ttype=\"radio\"\n\t\t\t\t\tname=\"grupos-tradicionais\"\n\t\t\t\t\tclass=\"jet-form__field radio-field checkradio-field\"\n\t\t\t\t\tvalue=\"Fam\u00edlia de Presos do Sistema Carcer\u00e1rio\"\n\t\t\t\t\tdata-field-name=\"grupos-tradicionais\"\n\t\t\t\t\t\t\t\t\t\trequired=\"required\"\t\t\t\t\t\t\t\t\t\t\t\t\t\t>\n\t\t\t\tFam\u00edlia de Presos do Sistema Carcer\u00e1rio\t\t\t<\/label>\n\t\t<\/div>\n\t\t\t\t<div class=\"jet-form__field-wrap radio-wrap checkradio-wrap\">\n\t\t\t\t\t\t<label class=\"jet-form__field-label\">\n\t\t\t\t<input\n\t\t\t\t\ttype=\"radio\"\n\t\t\t\t\tname=\"grupos-tradicionais\"\n\t\t\t\t\tclass=\"jet-form__field radio-field checkradio-field\"\n\t\t\t\t\tvalue=\"Fam\u00edlia Pertencente \u00e0 Comunidade de Terreiro\"\n\t\t\t\t\tdata-field-name=\"grupos-tradicionais\"\n\t\t\t\t\t\t\t\t\t\trequired=\"required\"\t\t\t\t\t\t\t\t\t\t\t\t\t\t>\n\t\t\t\tFam\u00edlia Pertencente \u00e0 Comunidade de Terreiro\t\t\t<\/label>\n\t\t<\/div>\n\t\t\t\t<div class=\"jet-form__field-wrap radio-wrap checkradio-wrap\">\n\t\t\t\t\t\t<label class=\"jet-form__field-label\">\n\t\t\t\t<input\n\t\t\t\t\ttype=\"radio\"\n\t\t\t\t\tname=\"grupos-tradicionais\"\n\t\t\t\t\tclass=\"jet-form__field radio-field checkradio-field\"\n\t\t\t\t\tvalue=\"Fam\u00edlia de Agricultores Familiares\"\n\t\t\t\t\tdata-field-name=\"grupos-tradicionais\"\n\t\t\t\t\t\t\t\t\t\trequired=\"required\"\t\t\t\t\t\t\t\t\t\t\t\t\t\t>\n\t\t\t\tFam\u00edlia de Agricultores Familiares\t\t\t<\/label>\n\t\t<\/div>\n\t\t\t\t<div class=\"jet-form__field-wrap radio-wrap checkradio-wrap\">\n\t\t\t\t\t\t<label class=\"jet-form__field-label\">\n\t\t\t\t<input\n\t\t\t\t\ttype=\"radio\"\n\t\t\t\t\tname=\"grupos-tradicionais\"\n\t\t\t\t\tclass=\"jet-form__field radio-field checkradio-field\"\n\t\t\t\t\tvalue=\"Fam\u00edlia Atingida por empreendimentos de Infraestrutura\"\n\t\t\t\t\tdata-field-name=\"grupos-tradicionais\"\n\t\t\t\t\t\t\t\t\t\trequired=\"required\"\t\t\t\t\t\t\t\t\t\t\t\t\t\t>\n\t\t\t\tFam\u00edlia Atingida por empreendimentos de Infraestrutura\t\t\t<\/label>\n\t\t<\/div>\n\t\t\t\t<div class=\"jet-form__field-wrap radio-wrap checkradio-wrap\">\n\t\t\t\t\t\t<label class=\"jet-form__field-label\">\n\t\t\t\t<input\n\t\t\t\t\ttype=\"radio\"\n\t\t\t\t\tname=\"grupos-tradicionais\"\n\t\t\t\t\tclass=\"jet-form__field radio-field checkradio-field\"\n\t\t\t\t\tvalue=\"Fam\u00edlia Acampada\"\n\t\t\t\t\tdata-field-name=\"grupos-tradicionais\"\n\t\t\t\t\t\t\t\t\t\trequired=\"required\"\t\t\t\t\t\t\t\t\t\t\t\t\t\t>\n\t\t\t\tFam\u00edlia Acampada\t\t\t<\/label>\n\t\t<\/div>\n\t\t<\/div><\/div><\/div><div  class=\"jet-form-row\"><div class=\"jet-form-col jet-form-col-12  field-type-radio  jet-form-field-container\" data-field=\"representacao\" data-conditional=\"false\"><div class=\"jet-form__label\">\n\t<span class=\"jet-form__label-text\" >Segmento que representa<span class=\"jet-form__required\">*<\/span><\/span>\n\t<\/div><div class=\"jet-form__fields-group checkradio-wrap\">\t\t<div class=\"jet-form__field-wrap radio-wrap checkradio-wrap\">\n\t\t\t\t\t\t<label class=\"jet-form__field-label\">\n\t\t\t\t<input\n\t\t\t\t\ttype=\"radio\"\n\t\t\t\t\tname=\"representacao\"\n\t\t\t\t\tclass=\"jet-form__field radio-field checkradio-field\"\n\t\t\t\t\tvalue=\"Governamental: Portaria de nomea\u00e7\u00e3o para fun\u00e7\u00e3o ou carga p\u00fablica ou contrato de trabalho\"\n\t\t\t\t\tdata-field-name=\"representacao\"\n\t\t\t\t\t\t\t\t\t\trequired=\"required\"\t\t\t\t\t\t\t\t\t\t\t\t\t\t>\n\t\t\t\tGovernamental: Portaria de nomea\u00e7\u00e3o para fun\u00e7\u00e3o ou carga p\u00fablica ou contrato de trabalho\t\t\t<\/label>\n\t\t<\/div>\n\t\t\t\t<div class=\"jet-form__field-wrap radio-wrap checkradio-wrap\">\n\t\t\t\t\t\t<label class=\"jet-form__field-label\">\n\t\t\t\t<input\n\t\t\t\t\ttype=\"radio\"\n\t\t\t\t\tname=\"representacao\"\n\t\t\t\t\tclass=\"jet-form__field radio-field checkradio-field\"\n\t\t\t\t\tvalue=\"Trabalhador (a) SUAS: Portaria de nomea\u00e7\u00e3o em concurso p\u00fablico; atestado de v\u00ednculo funcional com a organiza\u00e7\u00e3o representativa conforme Resolu\u00e7\u00e3o CNAS n\u00ba 6\/2015; contrato de trabalho para atua\u00e7\u00e3o na unidade p\u00fablica ou entidade\/organiza\u00e7\u00e3o da sociedade civil do SUAS, devidamente inscrito no CMAS\"\n\t\t\t\t\tdata-field-name=\"representacao\"\n\t\t\t\t\t\t\t\t\t\trequired=\"required\"\t\t\t\t\t\t\t\t\t\t\t\t\t\t>\n\t\t\t\tTrabalhador (a) SUAS: Portaria de nomea\u00e7\u00e3o em concurso p\u00fablico; atestado de v\u00ednculo funcional com a organiza\u00e7\u00e3o representativa conforme Resolu\u00e7\u00e3o CNAS n\u00ba 6\/2015; contrato de trabalho para atua\u00e7\u00e3o na unidade p\u00fablica ou entidade\/organiza\u00e7\u00e3o da sociedade civil do SUAS, devidamente inscrito no CMAS\t\t\t<\/label>\n\t\t<\/div>\n\t\t\t\t<div class=\"jet-form__field-wrap radio-wrap checkradio-wrap\">\n\t\t\t\t\t\t<label class=\"jet-form__field-label\">\n\t\t\t\t<input\n\t\t\t\t\ttype=\"radio\"\n\t\t\t\t\tname=\"representacao\"\n\t\t\t\t\tclass=\"jet-form__field radio-field checkradio-field\"\n\t\t\t\t\tvalue=\"Entidades\/Organiza\u00e7\u00f5es Sociais: Ata de elei\u00e7\u00e3o, em caso de carga de dire\u00e7\u00e3o ou conselho; declara\u00e7\u00e3o da diretoria baixa a (o) representante da entidade\/organiza\u00e7\u00e3o da sociedade civil de assist\u00eancia social, em caso de t\u00e9cnica (o) contratada (o)\"\n\t\t\t\t\tdata-field-name=\"representacao\"\n\t\t\t\t\t\t\t\t\t\trequired=\"required\"\t\t\t\t\t\t\t\t\t\t\t\t\t\t>\n\t\t\t\tEntidades\/Organiza\u00e7\u00f5es Sociais: Ata de elei\u00e7\u00e3o, em caso de carga de dire\u00e7\u00e3o ou conselho; declara\u00e7\u00e3o da diretoria baixa a (o) representante da entidade\/organiza\u00e7\u00e3o da sociedade civil de assist\u00eancia social, em caso de t\u00e9cnica (o) contratada (o)\t\t\t<\/label>\n\t\t<\/div>\n\t\t\t\t<div class=\"jet-form__field-wrap radio-wrap checkradio-wrap\">\n\t\t\t\t\t\t<label class=\"jet-form__field-label\">\n\t\t\t\t<input\n\t\t\t\t\ttype=\"radio\"\n\t\t\t\t\tname=\"representacao\"\n\t\t\t\t\tclass=\"jet-form__field radio-field checkradio-field\"\n\t\t\t\t\tvalue=\"Usu\u00e1rios (a): Declara\u00e7\u00e3o de usu\u00e1ria (o) dos servi\u00e7os socioassistenciais emitida pela coordena\u00e7\u00e3o de unidade p\u00fablica ou entidade\/organiza\u00e7\u00e3o da sociedade civil do SUAS, devidamente inscrita no CMAS ou CAS-DF; atestado de v\u00ednculo com a organiza\u00e7\u00e3o representativa em conformidade com a Resolu\u00e7\u00e3o CNAS n\u00ba 99\/2023; comprovante de benefici\u00e1ria (o) do Programa Bolsa Fam\u00edlia ou Benef\u00edcio de Presta\u00e7\u00e3o Continuada; comprovante de inscri\u00e7\u00e3o no Cadastro \u00danico\"\n\t\t\t\t\tdata-field-name=\"representacao\"\n\t\t\t\t\t\t\t\t\t\trequired=\"required\"\t\t\t\t\t\t\t\t\t\t\t\t\t\t>\n\t\t\t\tUsu\u00e1rios (a): Declara\u00e7\u00e3o de usu\u00e1ria (o) dos servi\u00e7os socioassistenciais emitida pela coordena\u00e7\u00e3o de unidade p\u00fablica ou entidade\/organiza\u00e7\u00e3o da sociedade civil do SUAS, devidamente inscrita no CMAS ou CAS-DF; atestado de v\u00ednculo com a organiza\u00e7\u00e3o representativa em conformidade com a Resolu\u00e7\u00e3o CNAS n\u00ba 99\/2023; comprovante de benefici\u00e1ria (o) do Programa Bolsa Fam\u00edlia ou Benef\u00edcio de Presta\u00e7\u00e3o Continuada; comprovante de inscri\u00e7\u00e3o no Cadastro \u00danico\t\t\t<\/label>\n\t\t<\/div>\n\t\t<\/div><small class=\"jet-form__desc\"><span class=\"jet-form__desc-text\">Escolha um dos Eixos relativos ao processo da Confer\u00eancia de Assist\u00eancia Social de Guapimirim - 2025<\/span><\/small><\/div><\/div><div  class=\"jet-form-row jet-form-row--submit\"><div class=\"jet-form-col jet-form-col-12  field-type-submit  jet-form-field-container\" data-field=\"Submit\" data-conditional=\"false\"><div class=\"jet-form__submit-wrap\">\n\t\t<button class=\"jet-form__submit submit-type-reload\" type=\"submit\">Submit<\/button>\n<\/div><\/div><\/div><input class=\"jet-form__field hidden-field\" type=\"hidden\" name=\"_jet_engine_nonce\" value=\"3c8ac0a4ae\" data-field-name=\"_jet_engine_nonce\"><\/form>\t\t\t\t<\/div>\n\t\t\t\t<\/div>\n\t\t\t\t\t<\/div>\n\t\t\t\t<\/div>\n\t\t\t\t<\/div>\n\t\t","protected":false},"excerpt":{"rendered":"<p>Nome Completo \/ Nome Social* Caso haja interesse em participar da Confer\u00eancia Estadual como delegado \u00e9 necess\u00e1rio entregar documentos comprobat\u00f3rios ao segmento que representa. Submit Escolaridade* Ensino Fundamental Ensino M\u00e9dio Ensino Superior Ra\u00e7a* Preto(a) Pardo(a) Branco(a) Amarelo(a) Indigena G\u00eanero* SelecioneFemininoMasculinoLGBTQIAPN+Prefiro n\u00e3o informar Faixa Et\u00e1ria* Adolescente &#8211; 12 \u00e0 18 anos incompletosJovem &#8211; 18 \u00e0 29 [&hellip;]<\/p>\n","protected":false},"author":3,"featured_media":0,"parent":0,"menu_order":0,"comment_status":"closed","ping_status":"closed","template":"elementor_canvas","meta":{"nf_dc_page":"","footnotes":""},"folder":[],"class_list":["post-2731","page","type-page","status-publish","hentry"],"_links":{"self":[{"href":"https:\/\/guapimirim.rj.gov.br\/site\/wp-json\/wp\/v2\/pages\/2731","targetHints":{"allow":["GET"]}}],"collection":[{"href":"https:\/\/guapimirim.rj.gov.br\/site\/wp-json\/wp\/v2\/pages"}],"about":[{"href":"https:\/\/guapimirim.rj.gov.br\/site\/wp-json\/wp\/v2\/types\/page"}],"author":[{"embeddable":true,"href":"https:\/\/guapimirim.rj.gov.br\/site\/wp-json\/wp\/v2\/users\/3"}],"replies":[{"embeddable":true,"href":"https:\/\/guapimirim.rj.gov.br\/site\/wp-json\/wp\/v2\/comments?post=2731"}],"version-history":[{"count":5,"href":"https:\/\/guapimirim.rj.gov.br\/site\/wp-json\/wp\/v2\/pages\/2731\/revisions"}],"predecessor-version":[{"id":2741,"href":"https:\/\/guapimirim.rj.gov.br\/site\/wp-json\/wp\/v2\/pages\/2731\/revisions\/2741"}],"wp:attachment":[{"href":"https:\/\/guapimirim.rj.gov.br\/site\/wp-json\/wp\/v2\/media?parent=2731"}],"wp:term":[{"taxonomy":"folder","embeddable":true,"href":"https:\/\/guapimirim.rj.gov.br\/site\/wp-json\/wp\/v2\/folder?post=2731"}],"curies":[{"name":"wp","href":"https:\/\/api.w.org\/{rel}","templated":true}]}}