{"id":677,"date":"2025-07-11T17:09:21","date_gmt":"2025-07-11T20:09:21","guid":{"rendered":"https:\/\/guapimirim.rj.gov.br\/novosite\/?page_id=677"},"modified":"2025-07-11T18:42:31","modified_gmt":"2025-07-11T21:42:31","slug":"formulario-inscricoes-de-ambulantes-fig-2025","status":"publish","type":"page","link":"https:\/\/guapimirim.rj.gov.br\/novosite\/formulario-inscricoes-de-ambulantes-fig-2025\/","title":{"rendered":"Formul\u00e1rio Inscri\u00e7\u00f5es de Ambulantes FIG 2025"},"content":{"rendered":"\t\t<div data-elementor-type=\"wp-page\" data-elementor-id=\"677\" class=\"elementor elementor-677\" data-elementor-settings=\"{&quot;ha_cmc_init_switcher&quot;:&quot;no&quot;}\" data-elementor-post-type=\"page\">\n\t\t\t\t<div class=\"elementor-element elementor-element-a12c6a9 e-flex e-con-boxed e-con e-parent\" data-id=\"a12c6a9\" data-element_type=\"container\" data-settings=\"{&quot;background_background&quot;:&quot;classic&quot;,&quot;jet_parallax_layout_list&quot;:[],&quot;_ha_eqh_enable&quot;:false}\">\n\t\t\t\t\t<div class=\"e-con-inner\">\n\t\t\t\t<div class=\"elementor-element elementor-element-6e755ba elementor-widget elementor-widget-jet-engine-booking-form\" data-id=\"6e755ba\" data-element_type=\"widget\" data-widget_type=\"jet-engine-booking-form.default\">\n\t\t\t\t<div class=\"elementor-widget-container\">\n\t\t\t\t\t<form  class=\"jet-form layout-column submit-type-reload\" action=\"\/novosite\/wp-json\/wp\/v2\/pages\/677?jet_engine_action=book&#038;nocache=1777097290\" method=\"POST\" data-form-id=\"692\"><input class=\"jet-form__field hidden-field\" type=\"hidden\" name=\"_jet_engine_booking_form_id\" value=\"692\" data-field-name=\"_jet_engine_booking_form_id\"><input class=\"jet-form__field hidden-field\" type=\"hidden\" name=\"_jet_engine_refer\" value=\"https:\/\/guapimirim.rj.gov.br\/novosite\/wp-json\/wp\/v2\/pages\/677\" data-field-name=\"_jet_engine_refer\"><div  class=\"jet-form-row jet-form-row--first-visible\"><div class=\"jet-form-col jet-form-col-12  field-type-text  jet-form-field-container\" data-field=\"_nome\" data-conditional=\"false\"><div class=\"jet-form__label\">\n\t<span class=\"jet-form__label-text\" >Nome completo<span class=\"jet-form__required\">*<\/span><\/span>\n\t<\/div><input class=\"jet-form__field text-field \" required=\"required\" name=\"_nome\" id=\"_nome\" type=\"text\" data-field-name=\"_nome\"><\/div><\/div><div  class=\"jet-form-row\"><div class=\"jet-form-col jet-form-col-2  field-type-text  jet-form-field-container\" data-field=\"_cpf\" data-conditional=\"false\"><div class=\"jet-form__label\">\n\t<span class=\"jet-form__label-text\" >CPF<span class=\"jet-form__required\">*<\/span><\/span>\n\t<\/div><input class=\"jet-form__field text-field \" value=\"\" required=\"required\" name=\"_cpf\" id=\"_cpf\" type=\"text\" data-field-name=\"_cpf\"><\/div><div class=\"jet-form-col jet-form-col-2  field-type-text  jet-form-field-container\" data-field=\"_whatsapp\" data-conditional=\"false\"><div class=\"jet-form__label\">\n\t<span class=\"jet-form__label-text\" >Whatsapp<span class=\"jet-form__required\">*<\/span><\/span>\n\t<\/div><input class=\"jet-form__field text-field jet-form__masked-field\" value=\"\" required=\"required\" name=\"_whatsapp\" id=\"_whatsapp\" type=\"tel\" data-field-name=\"_whatsapp\" data-inputmask=\"'mask': '(99) 99999 9999'\" data-inputmask-clearmaskonlostfocus=\"false\"><\/div><div class=\"jet-form-col jet-form-col-8  field-type-text  jet-form-field-container\" data-field=\"_endereco\" data-conditional=\"false\"><div class=\"jet-form__label\">\n\t<span class=\"jet-form__label-text\" >Endere\u00e7o<span class=\"jet-form__required\">*<\/span><\/span>\n\t<\/div><input class=\"jet-form__field text-field \" value=\"\" required=\"required\" name=\"_endereco\" id=\"_endereco\" type=\"text\" data-field-name=\"_endereco\"><\/div><\/div><div  class=\"jet-form-row\"><div class=\"jet-form-col jet-form-col-6  field-type-text  jet-form-field-container\" data-field=\"email\" data-conditional=\"false\"><div class=\"jet-form__label\">\n\t<span class=\"jet-form__label-text\" >Email<span class=\"jet-form__required\">*<\/span><\/span>\n\t<\/div><input class=\"jet-form__field text-field \" value=\"\" required=\"required\" name=\"email\" id=\"email\" type=\"email\" data-field-name=\"email\"><\/div><div class=\"jet-form-col jet-form-col-4  field-type-text  jet-form-field-container\" data-field=\"estabelecimento\" data-conditional=\"false\"><div class=\"jet-form__label\">\n\t<span class=\"jet-form__label-text\" >Nome do estabelecimento<span class=\"jet-form__required\">*<\/span><\/span>\n\t<\/div><input class=\"jet-form__field text-field \" value=\"\" required=\"required\" name=\"estabelecimento\" id=\"estabelecimento\" type=\"text\" data-field-name=\"estabelecimento\"><\/div><div class=\"jet-form-col jet-form-col-2  field-type-select  jet-form-field-container\" data-field=\"tipo\" data-conditional=\"false\"><div class=\"jet-form__label\">\n\t<span class=\"jet-form__label-text\" >Tipo de estrutura<span class=\"jet-form__required\">*<\/span><\/span>\n\t<\/div><select  required=\"required\" name=\"tipo\" data-field-name=\"tipo\" id=\"tipo\" data-default-val=\"\" class=\"jet-form__field select-field\"><option value=\"Selecione\" >Selecione<\/option><option value=\"Barraca\" >Barraca<\/option><option value=\"Isopor\" >Isopor<\/option><\/select><\/div><\/div><div  class=\"jet-form-row\"><div class=\"jet-form-col jet-form-col-12  field-type-textarea  jet-form-field-container\" data-field=\"_produtos\" data-conditional=\"false\"><div class=\"jet-form__label\">\n\t<span class=\"jet-form__label-text\" >Quais produtos ser\u00e3o comercializados?<span class=\"jet-form__required\">*<\/span><\/span>\n\t<\/div><textarea class=\"jet-form__field textarea-field\" required=\"required\" name=\"_produtos\" data-field-name=\"_produtos\" id=\"_produtos\"><\/textarea><\/div><\/div><div  class=\"jet-form-row\"><div class=\"jet-form-col jet-form-col-12  field-type-checkboxes  jet-form-field-container\" data-field=\"ciente-1\" data-conditional=\"false\"><div class=\"jet-form__fields-group checkradio-wrap\">\t\t<div class=\"jet-form__field-wrap checkboxes-wrap checkradio-wrap\">\n\t\t\t\t\t\t<label class=\"jet-form__field-label\">\n\t\t\t\t<input\n\t\t\t\t\ttype=\"checkbox\"\n\t\t\t\t\tname=\"ciente-1\"\n\t\t\t\t\tclass=\"jet-form__field checkboxes-field checkradio-field checkboxes-required\"\n\t\t\t\t\tvalue=\"Estou ciente e de acordo que est\u00e1 terminantemente proibido o uso de botij\u00e3o de g\u00e1s durante o evento, por quest\u00f5es de seguran\u00e7a.\"\n\t\t\t\t\tdata-field-name=\"ciente-1\"\n\t\t\t\t\t\t\t\t\t\trequired=\"required\"\t\t\t\t\t\t\t\t\t>\n\t\t\t\tEstou ciente e de acordo que est\u00e1 terminantemente proibido o uso de botij\u00e3o de g\u00e1s durante o evento, por quest\u00f5es de seguran\u00e7a.\t\t\t<\/label>\n\t\t<\/div>\n\t\t<\/div><\/div><\/div><div  class=\"jet-form-row\"><div class=\"jet-form-col jet-form-col-12  field-type-checkboxes  jet-form-field-container\" data-field=\"ciente-2\" data-conditional=\"false\"><div class=\"jet-form__fields-group checkradio-wrap\">\t\t<div class=\"jet-form__field-wrap checkboxes-wrap checkradio-wrap\">\n\t\t\t\t\t\t<label class=\"jet-form__field-label\">\n\t\t\t\t<input\n\t\t\t\t\ttype=\"checkbox\"\n\t\t\t\t\tname=\"ciente-2\"\n\t\t\t\t\tclass=\"jet-form__field checkboxes-field checkradio-field checkboxes-required\"\n\t\t\t\t\tvalue=\"Estou ciente e de acordo que est\u00e1 proibido o uso e a comercializa\u00e7\u00e3o de produtos ou bebidas em garrafas de vidro, visando a preserva\u00e7\u00e3o e integridade f\u00edsica do p\u00fablico.\"\n\t\t\t\t\tdata-field-name=\"ciente-2\"\n\t\t\t\t\t\t\t\t\t\trequired=\"required\"\t\t\t\t\t\t\t\t\t>\n\t\t\t\tEstou ciente e de acordo que est\u00e1 proibido o uso e a comercializa\u00e7\u00e3o de produtos ou bebidas em garrafas de vidro, visando a preserva\u00e7\u00e3o e integridade f\u00edsica do p\u00fablico.\t\t\t<\/label>\n\t\t<\/div>\n\t\t<\/div><\/div><\/div><div  class=\"jet-form-row\"><div class=\"jet-form-col jet-form-col-12  field-type-checkboxes  jet-form-field-container\" data-field=\"ciente-3\" data-conditional=\"false\"><div class=\"jet-form__fields-group checkradio-wrap\">\t\t<div class=\"jet-form__field-wrap checkboxes-wrap checkradio-wrap\">\n\t\t\t\t\t\t<label class=\"jet-form__field-label\">\n\t\t\t\t<input\n\t\t\t\t\ttype=\"checkbox\"\n\t\t\t\t\tname=\"ciente-3\"\n\t\t\t\t\tclass=\"jet-form__field checkboxes-field checkradio-field checkboxes-required\"\n\t\t\t\t\tvalue=\"Estou ciente e de acordo que est\u00e1 proibido o uso de palitos de churrasco (ou espetos de madeira\/metalicos), considerando os riscos de acidentes e perfura\u00e7\u00f5es.\"\n\t\t\t\t\tdata-field-name=\"ciente-3\"\n\t\t\t\t\t\t\t\t\t\trequired=\"required\"\t\t\t\t\t\t\t\t\t>\n\t\t\t\tEstou ciente e de acordo que est\u00e1 proibido o uso de palitos de churrasco (ou espetos de madeira\/metalicos), considerando os riscos de acidentes e perfura\u00e7\u00f5es.\t\t\t<\/label>\n\t\t<\/div>\n\t\t<\/div><\/div><\/div><div  class=\"jet-form-row jet-form-row--submit\"><div class=\"jet-form-col jet-form-col-12  field-type-submit  jet-form-field-container\" data-field=\"Submit\" data-conditional=\"false\"><div class=\"jet-form__submit-wrap\">\n\t\t<button class=\"jet-form__submit submit-type-reload\" type=\"submit\">Enviar dados<\/button>\n<\/div><\/div><\/div><input class=\"jet-form__field hidden-field\" type=\"hidden\" name=\"_jet_engine_nonce\" value=\"0403be1ca5\" data-field-name=\"_jet_engine_nonce\"><\/form>\t\t\t\t<\/div>\n\t\t\t\t<\/div>\n\t\t\t\t\t<\/div>\n\t\t\t\t<\/div>\n\t\t<div class=\"elementor-element elementor-element-52720f4 e-flex e-con-boxed e-con e-parent\" data-id=\"52720f4\" data-element_type=\"container\" data-settings=\"{&quot;background_background&quot;:&quot;classic&quot;,&quot;jet_parallax_layout_list&quot;:[],&quot;_ha_eqh_enable&quot;:false}\">\n\t\t\t\t\t<div class=\"e-con-inner\">\n\t\t\t\t<div class=\"elementor-element elementor-element-d16cb99 elementor-widget elementor-widget-spacer\" data-id=\"d16cb99\" data-element_type=\"widget\" data-widget_type=\"spacer.default\">\n\t\t\t\t<div class=\"elementor-widget-container\">\n\t\t\t\t\t\t\t<div class=\"elementor-spacer\">\n\t\t\t<div class=\"elementor-spacer-inner\"><\/div>\n\t\t<\/div>\n\t\t\t\t\t\t<\/div>\n\t\t\t\t<\/div>\n\t\t\t\t\t<\/div>\n\t\t\t\t<\/div>\n\t\t\t\t<\/div>\n\t\t","protected":false},"excerpt":{"rendered":"<p>Nome completo* CPF* Whatsapp* Endere\u00e7o* Nome do estabelecimento* Tipo de estrutura* SelecioneBarracaIsopor Quais produtos ser\u00e3o comercializados?* Aceite os termos* Estou ciente e de acordo que est\u00e1 terminantemente proibido o uso de botij\u00e3o de g\u00e1s durante o evento, por quest\u00f5es de seguran\u00e7a. Estou ciente e de acordo que est\u00e1 proibido o uso e a comercializa\u00e7\u00e3o de [&hellip;]<\/p>\n","protected":false},"author":1,"featured_media":0,"parent":0,"menu_order":0,"comment_status":"closed","ping_status":"closed","template":"","meta":{"footnotes":""},"class_list":["post-677","page","type-page","status-publish","hentry"],"_links":{"self":[{"href":"https:\/\/guapimirim.rj.gov.br\/novosite\/wp-json\/wp\/v2\/pages\/677","targetHints":{"allow":["GET"]}}],"collection":[{"href":"https:\/\/guapimirim.rj.gov.br\/novosite\/wp-json\/wp\/v2\/pages"}],"about":[{"href":"https:\/\/guapimirim.rj.gov.br\/novosite\/wp-json\/wp\/v2\/types\/page"}],"author":[{"embeddable":true,"href":"https:\/\/guapimirim.rj.gov.br\/novosite\/wp-json\/wp\/v2\/users\/1"}],"replies":[{"embeddable":true,"href":"https:\/\/guapimirim.rj.gov.br\/novosite\/wp-json\/wp\/v2\/comments?post=677"}],"version-history":[{"count":22,"href":"https:\/\/guapimirim.rj.gov.br\/novosite\/wp-json\/wp\/v2\/pages\/677\/revisions"}],"predecessor-version":[{"id":701,"href":"https:\/\/guapimirim.rj.gov.br\/novosite\/wp-json\/wp\/v2\/pages\/677\/revisions\/701"}],"wp:attachment":[{"href":"https:\/\/guapimirim.rj.gov.br\/novosite\/wp-json\/wp\/v2\/media?parent=677"}],"curies":[{"name":"wp","href":"https:\/\/api.w.org\/{rel}","templated":true}]}}