{"id":3847,"date":"2026-03-13T11:56:34","date_gmt":"2026-03-13T14:56:34","guid":{"rendered":"https:\/\/guapimirim.rj.gov.br\/novosite\/?page_id=3847"},"modified":"2026-03-13T12:06:54","modified_gmt":"2026-03-13T15:06:54","slug":"formulario-ldo-2027","status":"publish","type":"page","link":"https:\/\/guapimirim.rj.gov.br\/novosite\/formulario-ldo-2027\/","title":{"rendered":"Formul\u00e1rio LDO 2027"},"content":{"rendered":"\t\t<div data-elementor-type=\"wp-page\" data-elementor-id=\"3847\" class=\"elementor elementor-3847\" data-elementor-settings=\"{&quot;ha_cmc_init_switcher&quot;:&quot;no&quot;}\" data-elementor-post-type=\"page\">\n\t\t\t\t<div class=\"elementor-element elementor-element-f52b2e4 e-flex e-con-boxed e-con e-parent\" data-id=\"f52b2e4\" data-element_type=\"container\" data-settings=\"{&quot;background_background&quot;:&quot;classic&quot;,&quot;jet_parallax_layout_list&quot;:[],&quot;_ha_eqh_enable&quot;:false}\">\n\t\t\t\t\t<div class=\"e-con-inner\">\n\t\t\t\t<div class=\"elementor-element elementor-element-74d2095 elementor-widget elementor-widget-jet-form-builder-form\" data-id=\"74d2095\" data-element_type=\"widget\" data-widget_type=\"jet-form-builder-form.default\">\n\t\t\t\t<div class=\"elementor-widget-container\">\n\t\t\t\t\t<link rel='stylesheet' id='wp-block-library-css' href='https:\/\/guapimirim.rj.gov.br\/novosite\/wp-includes\/css\/dist\/block-library\/style.min.css?ver=a1c447ea7b3c0e3123974ea5e57ab805' media='all' \/>\n<style id=\"jet-form-builder-3815-inline-css\"><\/style><form  class=\"jet-form-builder layout-column submit-type-reload\" action=\"https:\/\/guapimirim.rj.gov.br\/novosite\/wp-json\/wp\/v2\/pages\/3847\/?XadI1J=PhdLkwcSCQ&amp;method=reload\" method=\"POST\" data-form-id=\"3815\" data-layout=\"column\" enctype=\"multipart\/form-data\" data-clear=\"1\" novalidate=\"null\" ssr_validation_method=\"rest\"><input type=\"hidden\" id=\"_wpnonce\" name=\"_wpnonce\" value=\"a047d0b22d\" \/><input type=\"hidden\" name=\"_wp_http_referer\" value=\"\/novosite\/wp-json\/wp\/v2\/pages\/3847\" \/>\r\n<input type=\"hidden\" name=\"_jfb_current_render_states[]\" value=\"DEFAULT.STATE\" data-jfb-sync \/><input type=\"hidden\" class=\"jet-form-builder__field hidden-field\" name=\"_jet_engine_booking_form_id\" data-field-name=\"_jet_engine_booking_form_id\" value=\"3815\">\n<input type=\"hidden\" class=\"jet-form-builder__field hidden-field\" name=\"_jet_engine_refer\" data-field-name=\"_jet_engine_refer\" value=\"https:\/\/guapimirim.rj.gov.br\/novosite\/wp-json\/wp\/v2\/pages\/3847\/\">\n<input type=\"hidden\" class=\"jet-form-builder__field hidden-field\" name=\"__queried_post_id\" data-field-name=\"__queried_post_id\" value=\"3847\">\n\n\n\n<p>Informa\u00e7\u00f5es do Cidad\u00e3o<\/p>\n\n\n\n<div class=\"wp-block-columns is-layout-flex wp-container-core-columns-is-layout-28f84493 wp-block-columns-is-layout-flex\">\n<div class=\"wp-block-column is-layout-flow wp-block-column-is-layout-flow\" style=\"flex-basis:66.66%\"><div  class=\"jet-form-builder-row field-type-text-field\" >\n<div class=\"jet-form-builder__label\">\r\n<label class=\"jet-form-builder__label-text\" for=\"nome\">Nome Completo <span class=\"jet-form-builder__required\">*<\/span><\/label><\/div><div class=\"jet-form-builder__field-wrap\">\n\t\t\t\t<input required=\"required\" name=\"nome\" id=\"nome\" type=\"text\" data-field-name=\"nome\" class=\"jet-form-builder__field text-field\" data-jfb-sync=\"null\" autocomplete=\"on\">\n\t\t\t\t\t<\/div>\n<\/div><\/div>\n\n\n\n<div class=\"wp-block-column is-layout-flow wp-block-column-is-layout-flow\" style=\"flex-basis:33.33%\"><div  class=\"jet-form-builder-row field-type-text-field\" >\n<div class=\"jet-form-builder__label\">\r\n<label class=\"jet-form-builder__label-text\" for=\"cpf\">CPF <span class=\"jet-form-builder__required\">*<\/span><\/label><\/div><div class=\"jet-form-builder__field-wrap\">\n\t\t\t\t<input required=\"required\" name=\"cpf\" id=\"cpf\" type=\"tel\" data-field-name=\"cpf\" class=\"jet-form-builder__field text-field jet-form-builder__masked-field\" data-jfb-sync=\"null\" autocomplete=\"on\" data-inputmask=\"&#039;mask&#039;: &#039;999.999.999-99&#039;\" data-inputmask-placeholder=\"_\" data-inputmask-clearmaskonlostfocus=\"false\">\n\t\t\t\t\t<\/div>\n<\/div><\/div>\n<\/div>\n\n\n\n<div class=\"wp-block-columns is-layout-flex wp-container-core-columns-is-layout-28f84493 wp-block-columns-is-layout-flex\">\n<div class=\"wp-block-column is-layout-flow wp-block-column-is-layout-flow\"><div  class=\"jet-form-builder-row field-type-select-field wp-block-jet-forms-select-field\">\n<div class=\"jet-form-builder__label\">\r\n<label class=\"jet-form-builder__label-text\" for=\"sexo\">Sexo <span class=\"jet-form-builder__required\">*<\/span><\/label><\/div><div class=\"jet-form-builder__field-wrap\">\n\t<select class=\"jet-form-builder__field select-field\" required=\"required\" name=\"sexo\" data-field-name=\"sexo\" id=\"sexo\" data-jfb-sync=\"null\">\n\t\t<option value=\"Selecione\" >Selecione<\/option><option value=\"Masculino\" >Masculino<\/option><option value=\"Feminino\" >Feminino<\/option><option value=\"Prefiro n\u00e3o informar\" >Prefiro n\u00e3o informar<\/option>\t<\/select>\n<\/div>\n<\/div><\/div>\n\n\n\n<div class=\"wp-block-column is-layout-flow wp-block-column-is-layout-flow\"><div  data-value=\"[{&quot;id&quot;:6308,&quot;conditions&quot;:[{&quot;__visible&quot;:true,&quot;value&quot;:&quot;&quot;}],&quot;to_set&quot;:&quot;&quot;}]\" class=\"jet-form-builder-row field-type-date-field\" >\n<div class=\"jet-form-builder__label\">\r\n<label class=\"jet-form-builder__label-text\" for=\"data_de_nascimento\">Data de Nascimento <span class=\"jet-form-builder__required\">*<\/span><\/label><\/div><input value=\"dd-mm-yyyy\" class=\"jet-form-builder__field date-field\" required=\"required\" name=\"data_de_nascimento\" type=\"date\" data-field-name=\"data_de_nascimento\" id=\"data_de_nascimento\" data-jfb-sync=\"null\" min=\"dd-mm-yyyy\">\n<\/div><\/div>\n\n\n\n<div class=\"wp-block-column is-layout-flow wp-block-column-is-layout-flow\"><div  class=\"jet-form-builder-row field-type-text-field\" >\n<div class=\"jet-form-builder__label\">\r\n<label class=\"jet-form-builder__label-text\" for=\"telefone\">Telefone <span class=\"jet-form-builder__required\">*<\/span><\/label><\/div><div class=\"jet-form-builder__field-wrap\">\n\t\t\t\t<input required=\"required\" name=\"telefone\" id=\"telefone\" type=\"tel\" data-field-name=\"telefone\" class=\"jet-form-builder__field text-field jet-form-builder__masked-field\" data-jfb-sync=\"null\" autocomplete=\"on\" data-inputmask=\"&#039;mask&#039;: &#039;(99) 99999 9999&#039;\" data-inputmask-placeholder=\"_\" data-inputmask-clearmaskonlostfocus=\"false\">\n\t\t\t\t\t<\/div>\n<\/div><\/div>\n<\/div>\n\n\n\n<div class=\"wp-block-columns is-layout-flex wp-container-core-columns-is-layout-28f84493 wp-block-columns-is-layout-flex\">\n<div class=\"wp-block-column is-layout-flow wp-block-column-is-layout-flow\"><div  class=\"jet-form-builder-row field-type-text-field\" >\n<div class=\"jet-form-builder__label\">\r\n<label class=\"jet-form-builder__label-text\" for=\"endereco\">Endere\u00e7o <span class=\"jet-form-builder__required\">*<\/span><\/label><\/div><div class=\"jet-form-builder__field-wrap\">\n\t\t\t\t<input placeholder=\"Rua das Fl\u00f4res, 310\" required=\"required\" name=\"endereco\" id=\"endereco\" type=\"text\" data-field-name=\"endereco\" class=\"jet-form-builder__field text-field\" data-jfb-sync=\"null\" autocomplete=\"on\">\n\t\t\t\t\t<\/div>\n<\/div><\/div>\n\n\n\n<div class=\"wp-block-column is-layout-flow wp-block-column-is-layout-flow\"><div  class=\"jet-form-builder-row field-type-text-field\" >\n<div class=\"jet-form-builder__label\">\r\n<label class=\"jet-form-builder__label-text\" for=\"bairro\">Bairro <span class=\"jet-form-builder__required\">*<\/span><\/label><\/div><div class=\"jet-form-builder__field-wrap\">\n\t\t\t\t<input required=\"required\" name=\"bairro\" id=\"bairro\" type=\"text\" data-field-name=\"bairro\" class=\"jet-form-builder__field text-field\" data-jfb-sync=\"null\" autocomplete=\"on\">\n\t\t\t\t\t<\/div>\n<\/div><\/div>\n<\/div>\n\n\n\n<div class=\"wp-block-columns is-layout-flex wp-container-core-columns-is-layout-28f84493 wp-block-columns-is-layout-flex\">\n<div class=\"wp-block-column is-layout-flow wp-block-column-is-layout-flow\" style=\"flex-basis:66.66%\"><div  class=\"jet-form-builder-row field-type-text-field\" >\n<div class=\"jet-form-builder__label\">\r\n<label class=\"jet-form-builder__label-text\" for=\"seu_email\">Seu Email <span class=\"jet-form-builder__required\">*<\/span><\/label><\/div><div class=\"jet-form-builder__field-wrap\">\n\t\t\t\t<input required=\"required\" name=\"seu_email\" id=\"seu_email\" type=\"email\" data-field-name=\"seu_email\" class=\"jet-form-builder__field text-field\" data-jfb-sync=\"null\" autocomplete=\"on\">\n\t\t\t\t\t<\/div>\n<\/div><\/div>\n\n\n\n<div class=\"wp-block-column is-layout-flow wp-block-column-is-layout-flow\" style=\"flex-basis:33.33%\"><\/div>\n<\/div>\n\n\n\n<p>Preencha o question\u00e1rio abaixo e participe voc\u00ea tamb\u00e9m da proposta or\u00e7ament\u00e1ria de nosso munic\u00edpio.<\/p>\n\n\n<fieldset  data-value=\"[{&quot;id&quot;:6302,&quot;conditions&quot;:[{&quot;__visible&quot;:true,&quot;value&quot;:&quot;&quot;}],&quot;to_set&quot;:&quot;&quot;}]\" class=\"jet-form-builder-row field-type-checkbox-field\" >\n<legend class=\"jet-form-builder__label\"><span class=\"jet-form-builder__label-text\">Na sua opini\u00e3o, quais seriam as metas e prioridades da administra\u00e7\u00e3o p\u00fablica para o exerc\u00edcio de 2027? <span class=\"jet-form-builder__required\">*<\/span><\/span><\/legend><div class=\"jet-form-builder__fields-group checkradio-wrap\" data-jfb-sync><div class=\"jet-form-builder__field-wrap checkboxes-wrap checkradio-wrap\"><label class=\"jet-form-builder__field-label for-checkbox\">\n<input type=\"checkbox\" name=\"na_sua_opiniao_quais_seriam_as_metas_e_prioridades_da_administracao__[]\" value=\"Metas Fiscais\" data-field-name=\"na_sua_opiniao_quais_seriam_as_metas_e_prioridades_da_administracao__\"  class=\"jet-form-builder__field checkboxes-field checkradio-field\" required=\"required\"><span>Metas Fiscais<\/span><\/label><\/div><div class=\"jet-form-builder__field-wrap checkboxes-wrap checkradio-wrap\"><label class=\"jet-form-builder__field-label for-checkbox\">\n<input type=\"checkbox\" name=\"na_sua_opiniao_quais_seriam_as_metas_e_prioridades_da_administracao__[]\" value=\"Pagamento de D\u00edvidas\" data-field-name=\"na_sua_opiniao_quais_seriam_as_metas_e_prioridades_da_administracao__\"  class=\"jet-form-builder__field checkboxes-field checkradio-field\" required=\"required\"><span>Pagamento de D\u00edvidas<\/span><\/label><\/div><div class=\"jet-form-builder__field-wrap checkboxes-wrap checkradio-wrap\"><label class=\"jet-form-builder__field-label for-checkbox\">\n<input type=\"checkbox\" name=\"na_sua_opiniao_quais_seriam_as_metas_e_prioridades_da_administracao__[]\" value=\"Esporte e Lazer\" data-field-name=\"na_sua_opiniao_quais_seriam_as_metas_e_prioridades_da_administracao__\"  class=\"jet-form-builder__field checkboxes-field checkradio-field\" required=\"required\"><span>Esporte e Lazer<\/span><\/label><\/div><div class=\"jet-form-builder__field-wrap checkboxes-wrap checkradio-wrap\"><label class=\"jet-form-builder__field-label for-checkbox\">\n<input type=\"checkbox\" name=\"na_sua_opiniao_quais_seriam_as_metas_e_prioridades_da_administracao__[]\" value=\"Coleta de Lixo\" data-field-name=\"na_sua_opiniao_quais_seriam_as_metas_e_prioridades_da_administracao__\"  class=\"jet-form-builder__field checkboxes-field checkradio-field\" required=\"required\"><span>Coleta de Lixo<\/span><\/label><\/div><div class=\"jet-form-builder__field-wrap checkboxes-wrap checkradio-wrap\"><label class=\"jet-form-builder__field-label for-checkbox\">\n<input type=\"checkbox\" name=\"na_sua_opiniao_quais_seriam_as_metas_e_prioridades_da_administracao__[]\" value=\"Ilumina\u00e7\u00e3o P\u00fablica\" data-field-name=\"na_sua_opiniao_quais_seriam_as_metas_e_prioridades_da_administracao__\"  class=\"jet-form-builder__field checkboxes-field checkradio-field\" required=\"required\"><span>Ilumina\u00e7\u00e3o P\u00fablica<\/span><\/label><\/div><div class=\"jet-form-builder__field-wrap checkboxes-wrap checkradio-wrap\"><label class=\"jet-form-builder__field-label for-checkbox\">\n<input type=\"checkbox\" name=\"na_sua_opiniao_quais_seriam_as_metas_e_prioridades_da_administracao__[]\" value=\"Sa\u00fade\" data-field-name=\"na_sua_opiniao_quais_seriam_as_metas_e_prioridades_da_administracao__\"  class=\"jet-form-builder__field checkboxes-field checkradio-field\" required=\"required\"><span>Sa\u00fade<\/span><\/label><\/div><div class=\"jet-form-builder__field-wrap checkboxes-wrap checkradio-wrap\"><label class=\"jet-form-builder__field-label for-checkbox\">\n<input type=\"checkbox\" name=\"na_sua_opiniao_quais_seriam_as_metas_e_prioridades_da_administracao__[]\" value=\"Pavimenta\u00e7\u00e3o\" data-field-name=\"na_sua_opiniao_quais_seriam_as_metas_e_prioridades_da_administracao__\"  class=\"jet-form-builder__field checkboxes-field checkradio-field\" required=\"required\"><span>Pavimenta\u00e7\u00e3o<\/span><\/label><\/div><div class=\"jet-form-builder__field-wrap checkboxes-wrap checkradio-wrap\"><label class=\"jet-form-builder__field-label for-checkbox\">\n<input type=\"checkbox\" name=\"na_sua_opiniao_quais_seriam_as_metas_e_prioridades_da_administracao__[]\" value=\"Escolas\" data-field-name=\"na_sua_opiniao_quais_seriam_as_metas_e_prioridades_da_administracao__\"  class=\"jet-form-builder__field checkboxes-field checkradio-field\" required=\"required\"><span>Escolas<\/span><\/label><\/div><div class=\"jet-form-builder__field-wrap checkboxes-wrap checkradio-wrap\"><label class=\"jet-form-builder__field-label for-checkbox\">\n<input type=\"checkbox\" name=\"na_sua_opiniao_quais_seriam_as_metas_e_prioridades_da_administracao__[]\" value=\"Tr\u00e2nsito\" data-field-name=\"na_sua_opiniao_quais_seriam_as_metas_e_prioridades_da_administracao__\"  class=\"jet-form-builder__field checkboxes-field checkradio-field\" required=\"required\"><span>Tr\u00e2nsito<\/span><\/label><\/div><div class=\"jet-form-builder__field-wrap checkboxes-wrap checkradio-wrap\"><label class=\"jet-form-builder__field-label for-checkbox\">\n<input type=\"checkbox\" name=\"na_sua_opiniao_quais_seriam_as_metas_e_prioridades_da_administracao__[]\" value=\"Saneamento\" data-field-name=\"na_sua_opiniao_quais_seriam_as_metas_e_prioridades_da_administracao__\"  class=\"jet-form-builder__field checkboxes-field checkradio-field\" required=\"required\"><span>Saneamento<\/span><\/label><\/div><div class=\"jet-form-builder__field-wrap checkboxes-wrap checkradio-wrap\"><label class=\"jet-form-builder__field-label for-checkbox\">\n<input type=\"checkbox\" name=\"na_sua_opiniao_quais_seriam_as_metas_e_prioridades_da_administracao__[]\" value=\"Turismo\" data-field-name=\"na_sua_opiniao_quais_seriam_as_metas_e_prioridades_da_administracao__\"  class=\"jet-form-builder__field checkboxes-field checkradio-field\" required=\"required\"><span>Turismo<\/span><\/label><\/div><div class=\"jet-form-builder__field-wrap checkboxes-wrap checkradio-wrap\"><label class=\"jet-form-builder__field-label for-checkbox\">\n<input type=\"checkbox\" name=\"na_sua_opiniao_quais_seriam_as_metas_e_prioridades_da_administracao__[]\" value=\"Habita\u00e7\u00e3o\" data-field-name=\"na_sua_opiniao_quais_seriam_as_metas_e_prioridades_da_administracao__\"  class=\"jet-form-builder__field checkboxes-field checkradio-field\" required=\"required\"><span>Habita\u00e7\u00e3o<\/span><\/label><\/div><div class=\"jet-form-builder__field-wrap checkboxes-wrap checkradio-wrap\"><label class=\"jet-form-builder__field-label for-checkbox\">\n<input type=\"checkbox\" name=\"na_sua_opiniao_quais_seriam_as_metas_e_prioridades_da_administracao__[]\" value=\"Cultura\" data-field-name=\"na_sua_opiniao_quais_seriam_as_metas_e_prioridades_da_administracao__\"  class=\"jet-form-builder__field checkboxes-field checkradio-field\" required=\"required\"><span>Cultura<\/span><\/label><\/div><div class=\"jet-form-builder__field-wrap checkboxes-wrap checkradio-wrap\"><label class=\"jet-form-builder__field-label for-checkbox\">\n<input type=\"checkbox\" name=\"na_sua_opiniao_quais_seriam_as_metas_e_prioridades_da_administracao__[]\" value=\"A\u00e7\u00e3o Social\" data-field-name=\"na_sua_opiniao_quais_seriam_as_metas_e_prioridades_da_administracao__\"  class=\"jet-form-builder__field checkboxes-field checkradio-field\" required=\"required\"><span>A\u00e7\u00e3o Social<\/span><\/label><\/div><\/div>\n<\/fieldset>\n\n<div  class=\"jet-form-builder-row field-type-textarea-field\" >\n<div class=\"jet-form-builder__label\">\r\n<label class=\"jet-form-builder__label-text\" for=\"justifique_a_sua_escolha_e_apresente_suas_propostas_de_diretrizes\">Justifique a sua escolha e apresente suas propostas de diretrizes <span class=\"jet-form-builder__required\">*<\/span><\/label><\/div><div class=\"jet-form-builder__field-wrap\">\n\t\t<textarea class=\"jet-form-builder__field textarea-field\" required=\"required\" name=\"justifique_a_sua_escolha_e_apresente_suas_propostas_de_diretrizes\" data-field-name=\"justifique_a_sua_escolha_e_apresente_suas_propostas_de_diretrizes\" id=\"justifique_a_sua_escolha_e_apresente_suas_propostas_de_diretrizes\" data-jfb-sync=\"null\"><\/textarea>\n\t<\/div>\n<\/div>\n\n<div  class=\"jet-form-builder-row field-type-submit-field\" >\n\t<div data-type=\"submit\" class=\"jet-form-builder__action-button-wrapper jet-form-builder__submit-wrap\">\n\t<button class=\"jet-form-builder__action-button jet-form-builder__submit submit-type-reload\" type=\"submit\">Enviar minha Participa\u00e7\u00e3o<\/button>\n\t<\/div>\n\t\n<\/div>\n\n\n<p><\/p>\n\t<div class=\"jet-form-builder-messages-wrap\" data-form-id=\"3815\"><\/div>\n<\/form>\n\t\t\t\t<\/div>\n\t\t\t\t<\/div>\n\t\t\t\t<div class=\"elementor-element elementor-element-02d6040 elementor-widget elementor-widget-spacer\" data-id=\"02d6040\" data-element_type=\"widget\" data-widget_type=\"spacer.default\">\n\t\t\t\t<div class=\"elementor-widget-container\">\n\t\t\t\t\t\t\t<div class=\"elementor-spacer\">\n\t\t\t<div class=\"elementor-spacer-inner\"><\/div>\n\t\t<\/div>\n\t\t\t\t\t\t<\/div>\n\t\t\t\t<\/div>\n\t\t\t\t\t<\/div>\n\t\t\t\t<\/div>\n\t\t\t\t<\/div>\n\t\t","protected":false},"excerpt":{"rendered":"<p>Informa\u00e7\u00f5es do Cidad\u00e3o Nome Completo * CPF * Sexo * SelecioneMasculinoFemininoPrefiro n\u00e3o informar Data de Nascimento * Telefone * Endere\u00e7o * Bairro * Seu Email * Preencha o question\u00e1rio abaixo e participe voc\u00ea tamb\u00e9m da proposta or\u00e7ament\u00e1ria de nosso munic\u00edpio. Na sua opini\u00e3o, quais seriam as metas e prioridades da administra\u00e7\u00e3o p\u00fablica para o exerc\u00edcio [&hellip;]<\/p>\n","protected":false},"author":1,"featured_media":0,"parent":0,"menu_order":0,"comment_status":"closed","ping_status":"closed","template":"","meta":{"footnotes":""},"class_list":["post-3847","page","type-page","status-publish","hentry"],"_links":{"self":[{"href":"https:\/\/guapimirim.rj.gov.br\/novosite\/wp-json\/wp\/v2\/pages\/3847","targetHints":{"allow":["GET"]}}],"collection":[{"href":"https:\/\/guapimirim.rj.gov.br\/novosite\/wp-json\/wp\/v2\/pages"}],"about":[{"href":"https:\/\/guapimirim.rj.gov.br\/novosite\/wp-json\/wp\/v2\/types\/page"}],"author":[{"embeddable":true,"href":"https:\/\/guapimirim.rj.gov.br\/novosite\/wp-json\/wp\/v2\/users\/1"}],"replies":[{"embeddable":true,"href":"https:\/\/guapimirim.rj.gov.br\/novosite\/wp-json\/wp\/v2\/comments?post=3847"}],"version-history":[{"count":7,"href":"https:\/\/guapimirim.rj.gov.br\/novosite\/wp-json\/wp\/v2\/pages\/3847\/revisions"}],"predecessor-version":[{"id":3856,"href":"https:\/\/guapimirim.rj.gov.br\/novosite\/wp-json\/wp\/v2\/pages\/3847\/revisions\/3856"}],"wp:attachment":[{"href":"https:\/\/guapimirim.rj.gov.br\/novosite\/wp-json\/wp\/v2\/media?parent=3847"}],"curies":[{"name":"wp","href":"https:\/\/api.w.org\/{rel}","templated":true}]}}