{"id":3342,"date":"2025-12-05T09:25:05","date_gmt":"2025-12-05T12:25:05","guid":{"rendered":"https:\/\/guapimirim.rj.gov.br\/novosite\/?page_id=3342"},"modified":"2025-12-05T09:37:08","modified_gmt":"2025-12-05T12:37:08","slug":"formulario-de-fotos-enfeites-do-natal","status":"publish","type":"page","link":"https:\/\/guapimirim.rj.gov.br\/novosite\/formulario-de-fotos-enfeites-do-natal\/","title":{"rendered":"Formul\u00e1rio de Fotos Enfeites do Natal"},"content":{"rendered":"\t\t<div data-elementor-type=\"wp-page\" data-elementor-id=\"3342\" class=\"elementor elementor-3342\" data-elementor-settings=\"{&quot;ha_cmc_init_switcher&quot;:&quot;no&quot;}\" data-elementor-post-type=\"page\">\n\t\t\t\t<div class=\"elementor-element elementor-element-4f8e99e e-flex e-con-boxed e-con e-parent\" data-id=\"4f8e99e\" data-element_type=\"container\" data-settings=\"{&quot;background_background&quot;:&quot;classic&quot;,&quot;jet_parallax_layout_list&quot;:[],&quot;_ha_eqh_enable&quot;:false}\">\n\t\t\t\t\t<div class=\"e-con-inner\">\n\t\t\t\t<div class=\"elementor-element elementor-element-9364568 elementor-widget elementor-widget-spacer\" data-id=\"9364568\" data-element_type=\"widget\" data-widget_type=\"spacer.default\">\n\t\t\t\t<div class=\"elementor-widget-container\">\n\t\t\t\t\t\t\t<div class=\"elementor-spacer\">\n\t\t\t<div class=\"elementor-spacer-inner\"><\/div>\n\t\t<\/div>\n\t\t\t\t\t\t<\/div>\n\t\t\t\t<\/div>\n\t\t\t\t<div class=\"elementor-element elementor-element-25bb9da elementor-widget elementor-widget-jet-form-builder-form\" data-id=\"25bb9da\" data-element_type=\"widget\" data-widget_type=\"jet-form-builder-form.default\">\n\t\t\t\t<div class=\"elementor-widget-container\">\n\t\t\t\t\t<link rel='stylesheet' id='wp-block-library-css' href='https:\/\/guapimirim.rj.gov.br\/novosite\/wp-includes\/css\/dist\/block-library\/style.min.css?ver=a1c447ea7b3c0e3123974ea5e57ab805' media='all' \/>\n<style id=\"jet-form-builder-3339-inline-css\"><\/style><form  class=\"jet-form-builder layout-column submit-type-reload\" action=\"https:\/\/guapimirim.rj.gov.br\/novosite\/wp-json\/wp\/v2\/pages\/3342\/?XadI1J=PhdLkwcSCQ&amp;method=reload\" method=\"POST\" data-form-id=\"3339\" data-layout=\"column\" enctype=\"multipart\/form-data\" novalidate=\"null\" ssr_validation_method=\"rest\">\r\n<input type=\"hidden\" name=\"_jfb_current_render_states[]\" value=\"DEFAULT.STATE\" data-jfb-sync \/><input type=\"hidden\" class=\"jet-form-builder__field hidden-field\" name=\"_jet_engine_booking_form_id\" data-field-name=\"_jet_engine_booking_form_id\" value=\"3339\">\n<input type=\"hidden\" class=\"jet-form-builder__field hidden-field\" name=\"_jet_engine_refer\" data-field-name=\"_jet_engine_refer\" value=\"https:\/\/guapimirim.rj.gov.br\/novosite\/wp-json\/wp\/v2\/pages\/3342\/\">\n<input type=\"hidden\" class=\"jet-form-builder__field hidden-field\" name=\"__queried_post_id\" data-field-name=\"__queried_post_id\" value=\"3342\">\n\n\n<div  class=\"jet-form-builder-row field-type-text-field\" >\n<div class=\"jet-form-builder__label\">\r\n<label class=\"jet-form-builder__label-text\" for=\"nome\">Nome completo: <span class=\"jet-form-builder__required\">*<\/span><\/label><\/div><div class=\"jet-form-builder__field-wrap\">\n\t\t\t\t<input required=\"required\" name=\"nome\" id=\"nome\" type=\"text\" data-field-name=\"nome\" class=\"jet-form-builder__field text-field\" data-jfb-sync=\"null\" autocomplete=\"on\">\n\t\t\t\t\t<\/div>\n<\/div>\n\n\n<div class=\"wp-block-columns is-layout-flex wp-container-core-columns-is-layout-28f84493 wp-block-columns-is-layout-flex\">\n<div class=\"wp-block-column is-layout-flow wp-block-column-is-layout-flow\"><div  class=\"jet-form-builder-row field-type-text-field\" >\n<div class=\"jet-form-builder__label\">\r\n<label class=\"jet-form-builder__label-text\" for=\"telefone\">Telefone de contato: <span class=\"jet-form-builder__required\">*<\/span><\/label><\/div><div class=\"jet-form-builder__field-wrap\">\n\t\t\t\t<input required=\"required\" name=\"telefone\" id=\"telefone\" type=\"tel\" data-field-name=\"telefone\" class=\"jet-form-builder__field text-field jet-form-builder__masked-field\" data-jfb-sync=\"null\" autocomplete=\"on\" data-inputmask=\"&#039;mask&#039;: &#039;(99) 99999 9999&#039;\" data-inputmask-placeholder=\"_\" data-inputmask-clearmaskonlostfocus=\"false\">\n\t\t\t\t\t<\/div>\n<\/div><\/div>\n\n\n\n<div class=\"wp-block-column is-layout-flow wp-block-column-is-layout-flow\"><div  class=\"jet-form-builder-row field-type-text-field\" >\n<div class=\"jet-form-builder__label\">\r\n<label class=\"jet-form-builder__label-text\" for=\"email\">Email: <span class=\"jet-form-builder__required\">*<\/span><\/label><\/div><div class=\"jet-form-builder__field-wrap\">\n\t\t\t\t<input required=\"required\" name=\"email\" id=\"email\" type=\"email\" data-field-name=\"email\" class=\"jet-form-builder__field text-field\" data-jfb-sync=\"null\" autocomplete=\"on\">\n\t\t\t\t\t<\/div>\n<\/div><\/div>\n<\/div>\n\n\n\n<div class=\"wp-block-columns is-layout-flex wp-container-core-columns-is-layout-28f84493 wp-block-columns-is-layout-flex\">\n<div class=\"wp-block-column is-layout-flow wp-block-column-is-layout-flow\"><div  class=\"jet-form-builder-row field-type-select-field wp-block-jet-forms-select-field\">\n<div class=\"jet-form-builder__label\">\r\n<label class=\"jet-form-builder__label-text\" for=\"categoria\">Qual a categoria que se encaixa? <span class=\"jet-form-builder__required\">*<\/span><\/label><\/div><div class=\"jet-form-builder__field-wrap\">\n\t<select class=\"jet-form-builder__field select-field\" required=\"required\" name=\"categoria\" data-field-name=\"categoria\" id=\"categoria\" data-jfb-sync=\"null\">\n\t\t<option value=\"Selecione\" >Selecione<\/option><option value=\"Residencial\" >Residencial<\/option><option value=\"Comercial\" >Comercial<\/option><option value=\"Rua com casas mais enfeitadas\" >Rua com casas mais enfeitadas<\/option>\t<\/select>\n<\/div>\n<\/div><\/div>\n\n\n\n<div class=\"wp-block-column is-layout-flow wp-block-column-is-layout-flow\"><div  class=\"jet-form-builder-row field-type-text-field\" >\n<div class=\"jet-form-builder__label\">\r\n<label class=\"jet-form-builder__label-text\" for=\"estabelecimento\">Se for comercial, qual o nome do estabelecimento?<\/label><\/div><div class=\"jet-form-builder__field-wrap\">\n\t\t\t\t<input name=\"estabelecimento\" id=\"estabelecimento\" type=\"text\" data-field-name=\"estabelecimento\" class=\"jet-form-builder__field text-field\" data-jfb-sync=\"null\" autocomplete=\"off_4yLHspTz\">\n\t\t\t\t\t<\/div>\n<\/div><\/div>\n<\/div>\n\n\n<div  class=\"jet-form-builder-row field-type-text-field\" >\n<div class=\"jet-form-builder__label\">\r\n<label class=\"jet-form-builder__label-text\" for=\"endereco\">Endere\u00e7o completo:<\/label><\/div><div class=\"jet-form-builder__field-wrap\">\n\t\t\t\t<input placeholder=\"Ex.: Rua das Fl\u00f4res, 99 - Caneca Fina\" name=\"endereco\" id=\"endereco\" type=\"text\" data-field-name=\"endereco\" class=\"jet-form-builder__field text-field\" data-jfb-sync=\"null\" autocomplete=\"on\">\n\t\t\t\t\t<\/div>\n<\/div>\n\n<div  class=\"jet-form-builder-row field-type-media-field\" >\n<template class=\"jet-form-builder__preview-template\"><div class=\"jet-form-builder-file-upload__file\" data-file=\"%file_url%\">\n\t<!-- preview -->\n\t<!-- field -->\n\t<div class=\"jet-form-builder-file-upload__file-remove\" data-file-name=\"%file_name%\">\n\t\t<svg width=\"22\" height=\"22\" viewBox=\"0 0 14 15\" fill=\"none\" xmlns=\"http:\/\/www.w3.org\/2000\/svg\">\n\t\t\t<path d=\"M4.375 7H6.125V12.25H4.375V7ZM7.875 7H9.625V12.25H7.875V7ZM10.5 1.75C10.5 1.51302 10.4134 1.30794 10.2402 1.13477C10.0762 0.961589 9.87109 0.875 9.625 0.875H4.375C4.12891 0.875 3.91927 0.961589 3.74609 1.13477C3.58203 1.30794 3.5 1.51302 3.5 1.75V3.5H0V5.25H0.875V14C0.875 14.237 0.957031 14.4421 1.12109 14.6152C1.29427 14.7884 1.50391 14.875 1.75 14.875H12.25C12.4961 14.875 12.7012 14.7884 12.8652 14.6152C13.0384 14.4421 13.125 14.237 13.125 14V5.25H14V3.5H10.5V1.75ZM5.25 2.625H8.75V3.5H5.25V2.625ZM11.375 5.25V13.125H2.625V5.25H11.375Z\"><\/path>\n\t\t<\/svg>\n\t<\/div>\n\t<span\n\t\t\tclass=\"jet-form-builder-file-upload__file-invalid-marker\"\n\t\t\tstyle=\"display: none\">\n\t\t<svg xmlns=\"http:\/\/www.w3.org\/2000\/svg\" viewBox=\"0 0 20 20\" fill=\"currentcolor\" width=\"24\" height=\"24\" aria-hidden=\"true\" focusable=\"false\"><path d=\"M10 2c4.42 0 8 3.58 8 8s-3.58 8-8 8-8-3.58-8-8 3.58-8 8-8zm1.13 9.38l.35-6.46H8.52l.35 6.46h2.26zm-.09 3.36c.24-.23.37-.55.37-.96 0-.42-.12-.74-.36-.97s-.59-.35-1.06-.35-.82.12-1.07.35-.37.55-.37.97c0 .41.13.73.38.96.26.23.61.34 1.06.34s.8-.11 1.05-.34z\"><\/path><\/svg>\n\t<\/span>\n\t<!-- footer -->\n<\/div>\n<\/template><div class=\"jet-form-builder__label\">\r\n<label class=\"jet-form-builder__label-text\" for=\"fotos\">Envie a foto 1 de sua decora\u00e7\u00e3o: <span class=\"jet-form-builder__required\">*<\/span><\/label><\/div><div class=\"jet-form-builder__field-wrap jet-form-builder-file-upload\">\n\t\t<div class=\"jet-form-builder-file-upload__content\">\n\t\t<div class=\"jet-form-builder-file-upload__loader\"><svg xmlns=\"http:\/\/www.w3.org\/2000\/svg\" width=\"38\" height=\"38\" viewBox=\"0 0 38 38\" stroke=\"#fff\"><g fill=\"none\" fill-rule=\"evenodd\"><g transform=\"translate(1 1)\" stroke-width=\"2\"><circle stroke-opacity=\".5\" cx=\"18\" cy=\"18\" r=\"18\"\/><path d=\"M36 18c0-9.94-8.06-18-18-18\" transform=\"rotate(137.826 18 18)\"><animateTransform attributeName=\"transform\" type=\"rotate\" from=\"0 18 18\" to=\"360 18 18\" dur=\"1s\" repeatCount=\"indefinite\"\/><\/path><\/g><\/g><\/svg><\/div>\t\t<div class=\"jet-form-builder-file-upload__files\" data-args=\"{&quot;max_files&quot;:1,&quot;max_size&quot;:104857600}\">\n\t\t\t\t\t<\/div>\n\t<\/div>\n\t<div class=\"jet-form-builder-file-upload__fields\">\n\t\t<input class=\"jet-form-builder__field file-field jet-form-builder-file-upload__input\" name=\"fotos\" data-field-name=\"fotos\" type=\"file\" data-form_id=\"3339\" id=\"fotos\" required=\"required\" data-jfb-sync=\"null\" data-max_size=\"104857600\">\n\t<\/div>\n\t<div class=\"jet-form-builder-file-upload__message\"><small>Tamanho m\u00e1ximo do arquivo: 100 MB<\/small><\/div>\n\t<div class=\"jet-form-builder-file-upload__errors is-hidden\"><\/div>\n\t<\/div><div class=\"jet-form-builder__desc\"><small>Tamanho m\u00e1ximo de 100mb<\/small><\/div>\n<\/div>\n\n<div  class=\"jet-form-builder-row field-type-media-field\" >\n<template class=\"jet-form-builder__preview-template\"><div class=\"jet-form-builder-file-upload__file\" data-file=\"%file_url%\">\n\t<!-- preview -->\n\t<!-- field -->\n\t<div class=\"jet-form-builder-file-upload__file-remove\" data-file-name=\"%file_name%\">\n\t\t<svg width=\"22\" height=\"22\" viewBox=\"0 0 14 15\" fill=\"none\" xmlns=\"http:\/\/www.w3.org\/2000\/svg\">\n\t\t\t<path d=\"M4.375 7H6.125V12.25H4.375V7ZM7.875 7H9.625V12.25H7.875V7ZM10.5 1.75C10.5 1.51302 10.4134 1.30794 10.2402 1.13477C10.0762 0.961589 9.87109 0.875 9.625 0.875H4.375C4.12891 0.875 3.91927 0.961589 3.74609 1.13477C3.58203 1.30794 3.5 1.51302 3.5 1.75V3.5H0V5.25H0.875V14C0.875 14.237 0.957031 14.4421 1.12109 14.6152C1.29427 14.7884 1.50391 14.875 1.75 14.875H12.25C12.4961 14.875 12.7012 14.7884 12.8652 14.6152C13.0384 14.4421 13.125 14.237 13.125 14V5.25H14V3.5H10.5V1.75ZM5.25 2.625H8.75V3.5H5.25V2.625ZM11.375 5.25V13.125H2.625V5.25H11.375Z\"><\/path>\n\t\t<\/svg>\n\t<\/div>\n\t<span\n\t\t\tclass=\"jet-form-builder-file-upload__file-invalid-marker\"\n\t\t\tstyle=\"display: none\">\n\t\t<svg xmlns=\"http:\/\/www.w3.org\/2000\/svg\" viewBox=\"0 0 20 20\" fill=\"currentcolor\" width=\"24\" height=\"24\" aria-hidden=\"true\" focusable=\"false\"><path d=\"M10 2c4.42 0 8 3.58 8 8s-3.58 8-8 8-8-3.58-8-8 3.58-8 8-8zm1.13 9.38l.35-6.46H8.52l.35 6.46h2.26zm-.09 3.36c.24-.23.37-.55.37-.96 0-.42-.12-.74-.36-.97s-.59-.35-1.06-.35-.82.12-1.07.35-.37.55-.37.97c0 .41.13.73.38.96.26.23.61.34 1.06.34s.8-.11 1.05-.34z\"><\/path><\/svg>\n\t<\/span>\n\t<!-- footer -->\n<\/div>\n<\/template><div class=\"jet-form-builder__label\">\r\n<label class=\"jet-form-builder__label-text\" for=\"foto_2\">Envie a foto 2 de sua decora\u00e7\u00e3o: <span class=\"jet-form-builder__required\">*<\/span><\/label><\/div><div class=\"jet-form-builder__field-wrap jet-form-builder-file-upload\">\n\t\t<div class=\"jet-form-builder-file-upload__content\">\n\t\t<div class=\"jet-form-builder-file-upload__loader\"><svg xmlns=\"http:\/\/www.w3.org\/2000\/svg\" width=\"38\" height=\"38\" viewBox=\"0 0 38 38\" stroke=\"#fff\"><g fill=\"none\" fill-rule=\"evenodd\"><g transform=\"translate(1 1)\" stroke-width=\"2\"><circle stroke-opacity=\".5\" cx=\"18\" cy=\"18\" r=\"18\"\/><path d=\"M36 18c0-9.94-8.06-18-18-18\" transform=\"rotate(137.826 18 18)\"><animateTransform attributeName=\"transform\" type=\"rotate\" from=\"0 18 18\" to=\"360 18 18\" dur=\"1s\" repeatCount=\"indefinite\"\/><\/path><\/g><\/g><\/svg><\/div>\t\t<div class=\"jet-form-builder-file-upload__files\" data-args=\"{&quot;max_files&quot;:1,&quot;max_size&quot;:104857600}\">\n\t\t\t\t\t<\/div>\n\t<\/div>\n\t<div class=\"jet-form-builder-file-upload__fields\">\n\t\t<input class=\"jet-form-builder__field file-field jet-form-builder-file-upload__input\" name=\"foto_2\" data-field-name=\"foto_2\" type=\"file\" data-form_id=\"3339\" id=\"foto_2\" required=\"required\" data-jfb-sync=\"null\" data-max_size=\"104857600\">\n\t<\/div>\n\t<div class=\"jet-form-builder-file-upload__message\"><small>Tamanho m\u00e1ximo do arquivo: 100 MB<\/small><\/div>\n\t<div class=\"jet-form-builder-file-upload__errors is-hidden\"><\/div>\n\t<\/div><div class=\"jet-form-builder__desc\"><small>Tamanho m\u00e1ximo de 100mb<\/small><\/div>\n<\/div>\n\n<div  class=\"jet-form-builder-row field-type-media-field\" >\n<template class=\"jet-form-builder__preview-template\"><div class=\"jet-form-builder-file-upload__file\" data-file=\"%file_url%\">\n\t<!-- preview -->\n\t<!-- field -->\n\t<div class=\"jet-form-builder-file-upload__file-remove\" data-file-name=\"%file_name%\">\n\t\t<svg width=\"22\" height=\"22\" viewBox=\"0 0 14 15\" fill=\"none\" xmlns=\"http:\/\/www.w3.org\/2000\/svg\">\n\t\t\t<path d=\"M4.375 7H6.125V12.25H4.375V7ZM7.875 7H9.625V12.25H7.875V7ZM10.5 1.75C10.5 1.51302 10.4134 1.30794 10.2402 1.13477C10.0762 0.961589 9.87109 0.875 9.625 0.875H4.375C4.12891 0.875 3.91927 0.961589 3.74609 1.13477C3.58203 1.30794 3.5 1.51302 3.5 1.75V3.5H0V5.25H0.875V14C0.875 14.237 0.957031 14.4421 1.12109 14.6152C1.29427 14.7884 1.50391 14.875 1.75 14.875H12.25C12.4961 14.875 12.7012 14.7884 12.8652 14.6152C13.0384 14.4421 13.125 14.237 13.125 14V5.25H14V3.5H10.5V1.75ZM5.25 2.625H8.75V3.5H5.25V2.625ZM11.375 5.25V13.125H2.625V5.25H11.375Z\"><\/path>\n\t\t<\/svg>\n\t<\/div>\n\t<span\n\t\t\tclass=\"jet-form-builder-file-upload__file-invalid-marker\"\n\t\t\tstyle=\"display: none\">\n\t\t<svg xmlns=\"http:\/\/www.w3.org\/2000\/svg\" viewBox=\"0 0 20 20\" fill=\"currentcolor\" width=\"24\" height=\"24\" aria-hidden=\"true\" focusable=\"false\"><path d=\"M10 2c4.42 0 8 3.58 8 8s-3.58 8-8 8-8-3.58-8-8 3.58-8 8-8zm1.13 9.38l.35-6.46H8.52l.35 6.46h2.26zm-.09 3.36c.24-.23.37-.55.37-.96 0-.42-.12-.74-.36-.97s-.59-.35-1.06-.35-.82.12-1.07.35-.37.55-.37.97c0 .41.13.73.38.96.26.23.61.34 1.06.34s.8-.11 1.05-.34z\"><\/path><\/svg>\n\t<\/span>\n\t<!-- footer -->\n<\/div>\n<\/template><div class=\"jet-form-builder__label\">\r\n<label class=\"jet-form-builder__label-text\" for=\"foto_3\">Envie a foto 3 de sua decora\u00e7\u00e3o: <span class=\"jet-form-builder__required\">*<\/span><\/label><\/div><div class=\"jet-form-builder__field-wrap jet-form-builder-file-upload\">\n\t\t<div class=\"jet-form-builder-file-upload__content\">\n\t\t<div class=\"jet-form-builder-file-upload__loader\"><svg xmlns=\"http:\/\/www.w3.org\/2000\/svg\" width=\"38\" height=\"38\" viewBox=\"0 0 38 38\" stroke=\"#fff\"><g fill=\"none\" fill-rule=\"evenodd\"><g transform=\"translate(1 1)\" stroke-width=\"2\"><circle stroke-opacity=\".5\" cx=\"18\" cy=\"18\" r=\"18\"\/><path d=\"M36 18c0-9.94-8.06-18-18-18\" transform=\"rotate(137.826 18 18)\"><animateTransform attributeName=\"transform\" type=\"rotate\" from=\"0 18 18\" to=\"360 18 18\" dur=\"1s\" repeatCount=\"indefinite\"\/><\/path><\/g><\/g><\/svg><\/div>\t\t<div class=\"jet-form-builder-file-upload__files\" data-args=\"{&quot;max_files&quot;:1,&quot;max_size&quot;:104857600}\">\n\t\t\t\t\t<\/div>\n\t<\/div>\n\t<div class=\"jet-form-builder-file-upload__fields\">\n\t\t<input class=\"jet-form-builder__field file-field jet-form-builder-file-upload__input\" name=\"foto_3\" data-field-name=\"foto_3\" type=\"file\" data-form_id=\"3339\" id=\"foto_3\" required=\"required\" data-jfb-sync=\"null\" data-max_size=\"104857600\">\n\t<\/div>\n\t<div class=\"jet-form-builder-file-upload__message\"><small>Tamanho m\u00e1ximo do arquivo: 100 MB<\/small><\/div>\n\t<div class=\"jet-form-builder-file-upload__errors is-hidden\"><\/div>\n\t<\/div><div class=\"jet-form-builder__desc\"><small>Tamanho m\u00e1ximo de 100mb<\/small><\/div>\n<\/div>\n\n<div  class=\"jet-form-builder-row field-type-submit-field\" >\n\t<div data-type=\"submit\" class=\"jet-form-builder__action-button-wrapper jet-form-builder__submit-wrap\">\n\t<button class=\"jet-form-builder__action-button jet-form-builder__submit submit-type-reload\" type=\"submit\">Enviar Cadastro<\/button>\n\t<\/div>\n\t\n<\/div>\n\n\n<p><\/p>\n\t<div class=\"jet-form-builder-messages-wrap\" data-form-id=\"3339\"><\/div>\n<\/form>\n\t\t\t\t<\/div>\n\t\t\t\t<\/div>\n\t\t\t\t<div class=\"elementor-element elementor-element-b717797 elementor-widget elementor-widget-spacer\" data-id=\"b717797\" data-element_type=\"widget\" data-widget_type=\"spacer.default\">\n\t\t\t\t<div class=\"elementor-widget-container\">\n\t\t\t\t\t\t\t<div class=\"elementor-spacer\">\n\t\t\t<div class=\"elementor-spacer-inner\"><\/div>\n\t\t<\/div>\n\t\t\t\t\t\t<\/div>\n\t\t\t\t<\/div>\n\t\t\t\t\t<\/div>\n\t\t\t\t<\/div>\n\t\t\t\t<\/div>\n\t\t","protected":false},"excerpt":{"rendered":"<p>Nome completo: * Telefone de contato: * Email: * Qual a categoria que se encaixa? * SelecioneResidencialComercialRua com casas mais enfeitadas Se for comercial, qual o nome do estabelecimento? Endere\u00e7o completo: Envie as fotos de sua decora\u00e7\u00e3o: * Tamanho m\u00e1ximo do arquivo: 2 MB M\u00e1ximo de 10 fotos Enviar Cadastro<\/p>\n","protected":false},"author":1,"featured_media":0,"parent":0,"menu_order":0,"comment_status":"closed","ping_status":"closed","template":"","meta":{"footnotes":""},"class_list":["post-3342","page","type-page","status-publish","hentry"],"_links":{"self":[{"href":"https:\/\/guapimirim.rj.gov.br\/novosite\/wp-json\/wp\/v2\/pages\/3342","targetHints":{"allow":["GET"]}}],"collection":[{"href":"https:\/\/guapimirim.rj.gov.br\/novosite\/wp-json\/wp\/v2\/pages"}],"about":[{"href":"https:\/\/guapimirim.rj.gov.br\/novosite\/wp-json\/wp\/v2\/types\/page"}],"author":[{"embeddable":true,"href":"https:\/\/guapimirim.rj.gov.br\/novosite\/wp-json\/wp\/v2\/users\/1"}],"replies":[{"embeddable":true,"href":"https:\/\/guapimirim.rj.gov.br\/novosite\/wp-json\/wp\/v2\/comments?post=3342"}],"version-history":[{"count":7,"href":"https:\/\/guapimirim.rj.gov.br\/novosite\/wp-json\/wp\/v2\/pages\/3342\/revisions"}],"predecessor-version":[{"id":3350,"href":"https:\/\/guapimirim.rj.gov.br\/novosite\/wp-json\/wp\/v2\/pages\/3342\/revisions\/3350"}],"wp:attachment":[{"href":"https:\/\/guapimirim.rj.gov.br\/novosite\/wp-json\/wp\/v2\/media?parent=3342"}],"curies":[{"name":"wp","href":"https:\/\/api.w.org\/{rel}","templated":true}]}}