{"id":3320,"date":"2025-11-22T18:01:09","date_gmt":"2025-11-22T21:01:09","guid":{"rendered":"https:\/\/guapimirim.rj.gov.br\/novosite\/?page_id=3320"},"modified":"2025-11-25T11:41:51","modified_gmt":"2025-11-25T14:41:51","slug":"formulario-inscricao-do-pot","status":"publish","type":"page","link":"https:\/\/guapimirim.rj.gov.br\/novosite\/formulario-inscricao-do-pot\/","title":{"rendered":"Formul\u00e1rio Inscri\u00e7\u00e3o do POT"},"content":{"rendered":"\t\t<div data-elementor-type=\"wp-page\" data-elementor-id=\"3320\" class=\"elementor elementor-3320\" data-elementor-settings=\"{&quot;ha_cmc_init_switcher&quot;:&quot;no&quot;}\" data-elementor-post-type=\"page\">\n\t\t\t\t<div class=\"elementor-element elementor-element-1bb7e9a e-flex e-con-boxed e-con e-parent\" data-id=\"1bb7e9a\" data-element_type=\"container\" data-settings=\"{&quot;background_background&quot;:&quot;classic&quot;,&quot;jet_parallax_layout_list&quot;:[],&quot;_ha_eqh_enable&quot;:false}\">\n\t\t\t\t\t<div class=\"e-con-inner\">\n\t\t\t\t<div class=\"elementor-element elementor-element-377ad4c elementor-widget elementor-widget-jet-form-builder-form\" data-id=\"377ad4c\" data-element_type=\"widget\" data-widget_type=\"jet-form-builder-form.default\">\n\t\t\t\t<div class=\"elementor-widget-container\">\n\t\t\t\t\t<link rel='stylesheet' id='wp-block-library-css' href='https:\/\/guapimirim.rj.gov.br\/novosite\/wp-includes\/css\/dist\/block-library\/style.min.css?ver=a1c447ea7b3c0e3123974ea5e57ab805' media='all' \/>\n<style id=\"jet-form-builder-3322-inline-css\"><\/style><form  class=\"jet-form-builder layout-column submit-type-reload\" action=\"https:\/\/guapimirim.rj.gov.br\/novosite\/wp-json\/wp\/v2\/pages\/3320\/?XadI1J=PhdLkwcSCQ&amp;method=reload\" method=\"POST\" data-form-id=\"3322\" data-layout=\"column\" enctype=\"multipart\/form-data\" novalidate=\"null\" ssr_validation_method=\"rest\"><input type=\"hidden\" id=\"_wpnonce\" name=\"_wpnonce\" value=\"e64d9863a6\" \/><input type=\"hidden\" name=\"_wp_http_referer\" value=\"\/novosite\/wp-json\/wp\/v2\/pages\/3320\" \/>\r\n<input type=\"hidden\" name=\"_jfb_current_render_states[]\" value=\"DEFAULT.STATE\" data-jfb-sync \/><input type=\"hidden\" class=\"jet-form-builder__field hidden-field\" name=\"_jet_engine_booking_form_id\" data-field-name=\"_jet_engine_booking_form_id\" value=\"3322\">\n<input type=\"hidden\" class=\"jet-form-builder__field hidden-field\" name=\"_jet_engine_refer\" data-field-name=\"_jet_engine_refer\" value=\"https:\/\/guapimirim.rj.gov.br\/novosite\/wp-json\/wp\/v2\/pages\/3320\/\">\n<input type=\"hidden\" class=\"jet-form-builder__field hidden-field\" name=\"__queried_post_id\" data-field-name=\"__queried_post_id\" value=\"3320\">\n<div  class=\"jet-form-builder-row field-type-text-field\" >\n<div class=\"jet-form-builder__label\">\r\n<label class=\"jet-form-builder__label-text\" for=\"nome\">Nome completo: <span class=\"jet-form-builder__required\">*<\/span><\/label><\/div><div class=\"jet-form-builder__field-wrap\">\n\t\t\t\t<input required=\"required\" name=\"nome\" id=\"nome\" type=\"text\" data-field-name=\"nome\" class=\"jet-form-builder__field text-field\" data-jfb-sync=\"null\" autocomplete=\"on\">\n\t\t\t\t\t<\/div>\n<\/div>\n\n\n<div class=\"wp-block-columns is-layout-flex wp-container-core-columns-is-layout-28f84493 wp-block-columns-is-layout-flex\">\n<div class=\"wp-block-column is-layout-flow wp-block-column-is-layout-flow\"><div  class=\"jet-form-builder-row field-type-text-field\" >\n<div class=\"jet-form-builder__label\">\r\n<label class=\"jet-form-builder__label-text\" for=\"email\">Email: <span class=\"jet-form-builder__required\">*<\/span><\/label><\/div><div class=\"jet-form-builder__field-wrap\">\n\t\t\t\t<input required=\"required\" name=\"email\" id=\"email\" type=\"email\" data-field-name=\"email\" class=\"jet-form-builder__field text-field\" data-jfb-sync=\"null\" autocomplete=\"on\">\n\t\t\t\t\t<\/div><div class=\"jet-form-builder__desc\"><small><strong>\u00a0 Usado exclusivamente para comunica\u00e7\u00e3o institucional. N\u00e3o ser\u00e1 compartilhado com terceiros.<\/strong>\u00a0<br><br><\/small><\/div>\n<\/div><\/div>\n\n\n\n<div class=\"wp-block-column is-layout-flow wp-block-column-is-layout-flow\"><div  class=\"jet-form-builder-row field-type-text-field\" >\n<div class=\"jet-form-builder__label\">\r\n<label class=\"jet-form-builder__label-text\" for=\"data_de_nascimento\">Data de nascimento: <span class=\"jet-form-builder__required\">*<\/span><\/label><\/div><div class=\"jet-form-builder__field-wrap\">\n\t\t\t\t<input placeholder=\"Ex.: 10\/10\/1990\" required=\"required\" name=\"data_de_nascimento\" id=\"data_de_nascimento\" type=\"text\" data-field-name=\"data_de_nascimento\" class=\"jet-form-builder__field text-field jet-form-builder__masked-field\" data-jfb-sync=\"null\" autocomplete=\"off_rkfnlvtq\" data-inputmask=\"&#039;mask&#039;: &#039;99\/99\/9999&#039;\" data-inputmask-placeholder=\"_\" data-inputmask-clearmaskonlostfocus=\"false\">\n\t\t\t\t\t<\/div>\n<\/div><\/div>\n\n\n\n<div class=\"wp-block-column is-layout-flow wp-block-column-is-layout-flow\"><fieldset  class=\"jet-form-builder-row field-type-radio-field wp-block-jet-forms-radio-field\">\n<legend class=\"jet-form-builder__label\"><span class=\"jet-form-builder__label-text\">G\u00eanero: <span class=\"jet-form-builder__required\">*<\/span><\/span><\/legend><div class=\"jet-form-builder__fields-group checkradio-wrap\" data-jfb-sync><div class=\"jet-form-builder__field-wrap radio-wrap checkradio-wrap\"><label class=\"jet-form-builder__field-label for-radio\">\n<input type=\"radio\" name=\"genero\" value=\"M\" data-field-name=\"genero\"  class=\"jet-form-builder__field radio-field checkradio-field\" required=\"required\"><span>Masculino<\/span><\/label><\/div><div class=\"jet-form-builder__field-wrap radio-wrap checkradio-wrap\"><label class=\"jet-form-builder__field-label for-radio\">\n<input type=\"radio\" name=\"genero\" value=\"F\" data-field-name=\"genero\"  class=\"jet-form-builder__field radio-field checkradio-field\" required=\"required\"><span>Feminino<\/span><\/label><\/div><div class=\"jet-form-builder__field-wrap radio-wrap checkradio-wrap\"><label class=\"jet-form-builder__field-label for-radio\">\n<input type=\"radio\" name=\"genero\" value=\"N\u00e3o informado\" data-field-name=\"genero\"  class=\"jet-form-builder__field radio-field checkradio-field\" required=\"required\"><span>Prefiro n\u00e3o informar<\/span><\/label><\/div><\/div>\n<\/fieldset><\/div>\n<\/div>\n\n\n\n<div class=\"wp-block-columns is-layout-flex wp-container-core-columns-is-layout-28f84493 wp-block-columns-is-layout-flex\">\n<div class=\"wp-block-column is-layout-flow wp-block-column-is-layout-flow\"><div  class=\"jet-form-builder-row field-type-select-field wp-block-jet-forms-select-field\">\n<div class=\"jet-form-builder__label\">\r\n<label class=\"jet-form-builder__label-text\" for=\"raca\">Ra\u00e7a: <span class=\"jet-form-builder__required\">*<\/span><\/label><\/div><div class=\"jet-form-builder__field-wrap\">\n\t<select class=\"jet-form-builder__field select-field\" required=\"required\" name=\"raca\" data-field-name=\"raca\" id=\"raca\" data-jfb-sync=\"null\">\n\t\t<option value=\"0\" >Selecione<\/option><option value=\"Preto(a)\" >Preto(a)<\/option><option value=\"Pardo(a)\" >Pardo(a)<\/option><option value=\"Branco(a)\" >Branco(a)<\/option><option value=\"Amarelo(a)\" >Amarelo(a)<\/option><option value=\"Ind\u00edgena\" >Ind\u00edgena<\/option><option value=\"Outro\" >Outro<\/option>\t<\/select>\n<\/div>\n<\/div><\/div>\n\n\n\n<div class=\"wp-block-column is-layout-flow wp-block-column-is-layout-flow\"><div  class=\"jet-form-builder-row field-type-text-field\" >\n<div class=\"jet-form-builder__label\">\r\n<label class=\"jet-form-builder__label-text\" for=\"cpf\">CPF: <span class=\"jet-form-builder__required\">*<\/span><\/label><\/div><div class=\"jet-form-builder__field-wrap\">\n\t\t\t\t<input required=\"required\" name=\"cpf\" id=\"cpf\" type=\"text\" data-field-name=\"cpf\" class=\"jet-form-builder__field text-field jet-form-builder__masked-field\" data-jfb-sync=\"null\" autocomplete=\"on\" data-inputmask=\"&#039;mask&#039;: &#039;999.999.999-99&#039;\" data-inputmask-placeholder=\"_\" data-inputmask-clearmaskonlostfocus=\"false\">\n\t\t\t\t\t<\/div><div class=\"jet-form-builder__desc\"><small><strong>Este dado ser\u00e1 utilizado exclusivamente para identifica\u00e7\u00e3o no Programa Opera\u00e7\u00e3o Trabalho, conforme a LGPD (Lei n\u00ba 13.709\/2018).\u00a0\u00a0<\/strong><\/small><\/div>\n<\/div><\/div>\n\n\n\n<div class=\"wp-block-column is-layout-flow wp-block-column-is-layout-flow\"><div  class=\"jet-form-builder-row field-type-text-field\" >\n<div class=\"jet-form-builder__label\">\r\n<label class=\"jet-form-builder__label-text\" for=\"nis\">NIS: <span class=\"jet-form-builder__required\">*<\/span><\/label><\/div><div class=\"jet-form-builder__field-wrap\">\n\t\t\t\t<input required=\"required\" name=\"nis\" id=\"nis\" type=\"text\" data-field-name=\"nis\" class=\"jet-form-builder__field text-field\" data-jfb-sync=\"null\" autocomplete=\"on\">\n\t\t\t\t\t<\/div><div class=\"jet-form-builder__desc\"><small><strong>Este dado ser\u00e1 utilizado exclusivamente para identifica\u00e7\u00e3o no Programa Opera\u00e7\u00e3o Trabalho, conforme a LGPD (Lei n\u00ba 13.709\/2018).\u00a0\u00a0<\/strong><\/small><\/div>\n<\/div><\/div>\n<\/div>\n\n\n\n<div class=\"wp-block-columns is-layout-flex wp-container-core-columns-is-layout-28f84493 wp-block-columns-is-layout-flex\">\n<div class=\"wp-block-column is-layout-flow wp-block-column-is-layout-flow\" style=\"flex-basis:33.33%\"><div  class=\"jet-form-builder-row field-type-text-field\" >\n<div class=\"jet-form-builder__label\">\r\n<label class=\"jet-form-builder__label-text\" for=\"telefone\">Telefone: <span class=\"jet-form-builder__required\">*<\/span><\/label><\/div><div class=\"jet-form-builder__field-wrap\">\n\t\t\t\t<input required=\"required\" name=\"telefone\" id=\"telefone\" type=\"text\" data-field-name=\"telefone\" class=\"jet-form-builder__field text-field jet-form-builder__masked-field\" data-jfb-sync=\"null\" autocomplete=\"on\" data-inputmask=\"&#039;mask&#039;: &#039;(99) 99999 9999&#039;\" data-inputmask-placeholder=\"_\" data-inputmask-clearmaskonlostfocus=\"false\">\n\t\t\t\t\t<\/div><div class=\"jet-form-builder__desc\"><small><strong>Usado exclusivamente para comunica\u00e7\u00e3o institucional. N\u00e3o ser\u00e1 compartilhado com terceiros.<\/strong><\/small><\/div>\n<\/div><\/div>\n\n\n\n<div class=\"wp-block-column is-layout-flow wp-block-column-is-layout-flow\" style=\"flex-basis:66.66%\"><div  class=\"jet-form-builder-row field-type-text-field\" >\n<div class=\"jet-form-builder__label\">\r\n<label class=\"jet-form-builder__label-text\" for=\"endereco\">Endere\u00e7o: <span class=\"jet-form-builder__required\">*<\/span><\/label><\/div><div class=\"jet-form-builder__field-wrap\">\n\t\t\t\t<input placeholder=\"Ex.: Rua das Violetas, 60 - Centro - Guapimirim\" required=\"required\" name=\"endereco\" id=\"endereco\" type=\"text\" data-field-name=\"endereco\" class=\"jet-form-builder__field text-field\" data-jfb-sync=\"null\" autocomplete=\"off_bSLpynQB\">\n\t\t\t\t\t<\/div><div class=\"jet-form-builder__desc\"><small><strong>Utilizado apenas para fins de contato e log\u00edstica do projeto. Protegido pela LGPD.<\/strong><\/small><\/div>\n<\/div><\/div>\n<\/div>\n\n\n\n<div class=\"wp-block-columns is-layout-flex wp-container-core-columns-is-layout-28f84493 wp-block-columns-is-layout-flex\">\n<div class=\"wp-block-column is-layout-flow wp-block-column-is-layout-flow\" style=\"flex-basis:66.66%\"><fieldset  class=\"jet-form-builder-row field-type-radio-field wp-block-jet-forms-radio-field\">\n<legend class=\"jet-form-builder__label\"><span class=\"jet-form-builder__label-text\">Quantidade de pessoas que residem na mesma resid\u00eancia\/casa: <span class=\"jet-form-builder__required\">*<\/span><\/span><\/legend><div class=\"jet-form-builder__fields-group checkradio-wrap\" data-jfb-sync><div class=\"jet-form-builder__field-wrap radio-wrap checkradio-wrap\"><label class=\"jet-form-builder__field-label for-radio\">\n<input type=\"radio\" name=\"pessoas_na_mesma_casa\" value=\"1\" data-field-name=\"pessoas_na_mesma_casa\"  class=\"jet-form-builder__field radio-field checkradio-field\" required=\"required\"><span>1<\/span><\/label><\/div><div class=\"jet-form-builder__field-wrap radio-wrap checkradio-wrap\"><label class=\"jet-form-builder__field-label for-radio\">\n<input type=\"radio\" name=\"pessoas_na_mesma_casa\" value=\"2\" data-field-name=\"pessoas_na_mesma_casa\"  class=\"jet-form-builder__field radio-field checkradio-field\" required=\"required\"><span>2<\/span><\/label><\/div><div class=\"jet-form-builder__field-wrap radio-wrap checkradio-wrap\"><label class=\"jet-form-builder__field-label for-radio\">\n<input type=\"radio\" name=\"pessoas_na_mesma_casa\" value=\"3\" data-field-name=\"pessoas_na_mesma_casa\"  class=\"jet-form-builder__field radio-field checkradio-field\" required=\"required\"><span>3<\/span><\/label><\/div><div class=\"jet-form-builder__field-wrap radio-wrap checkradio-wrap\"><label class=\"jet-form-builder__field-label for-radio\">\n<input type=\"radio\" name=\"pessoas_na_mesma_casa\" value=\"4\" data-field-name=\"pessoas_na_mesma_casa\"  class=\"jet-form-builder__field radio-field checkradio-field\" required=\"required\"><span>4<\/span><\/label><\/div><div class=\"jet-form-builder__field-wrap radio-wrap checkradio-wrap\"><label class=\"jet-form-builder__field-label for-radio\">\n<input type=\"radio\" name=\"pessoas_na_mesma_casa\" value=\"5\" data-field-name=\"pessoas_na_mesma_casa\"  class=\"jet-form-builder__field radio-field checkradio-field\" required=\"required\"><span>5<\/span><\/label><\/div><div class=\"jet-form-builder__field-wrap radio-wrap checkradio-wrap\"><label class=\"jet-form-builder__field-label for-radio\">\n<input type=\"radio\" name=\"pessoas_na_mesma_casa\" value=\"6\" data-field-name=\"pessoas_na_mesma_casa\"  class=\"jet-form-builder__field radio-field checkradio-field\" required=\"required\"><span>6<\/span><\/label><\/div><div class=\"jet-form-builder__field-wrap radio-wrap checkradio-wrap\"><label class=\"jet-form-builder__field-label for-radio\">\n<input type=\"radio\" name=\"pessoas_na_mesma_casa\" value=\"7\" data-field-name=\"pessoas_na_mesma_casa\"  class=\"jet-form-builder__field radio-field checkradio-field\" required=\"required\"><span>7<\/span><\/label><\/div><div class=\"jet-form-builder__field-wrap radio-wrap checkradio-wrap\"><label class=\"jet-form-builder__field-label for-radio\">\n<input type=\"radio\" name=\"pessoas_na_mesma_casa\" value=\"8\" data-field-name=\"pessoas_na_mesma_casa\"  class=\"jet-form-builder__field radio-field checkradio-field\" required=\"required\"><span>8<\/span><\/label><\/div><div class=\"jet-form-builder__field-wrap radio-wrap checkradio-wrap\"><label class=\"jet-form-builder__field-label for-radio\">\n<input type=\"radio\" name=\"pessoas_na_mesma_casa\" value=\"9\" data-field-name=\"pessoas_na_mesma_casa\"  class=\"jet-form-builder__field radio-field checkradio-field\" required=\"required\"><span>9<\/span><\/label><\/div><div class=\"jet-form-builder__field-wrap radio-wrap checkradio-wrap\"><label class=\"jet-form-builder__field-label for-radio\">\n<input type=\"radio\" name=\"pessoas_na_mesma_casa\" value=\"10\" data-field-name=\"pessoas_na_mesma_casa\"  class=\"jet-form-builder__field radio-field checkradio-field\" required=\"required\"><span>10<\/span><\/label><\/div><\/div>\n<\/fieldset><\/div>\n\n\n\n<div class=\"wp-block-column is-layout-flow wp-block-column-is-layout-flow\" style=\"flex-basis:33.33%\"><div  class=\"jet-form-builder-row field-type-select-field wp-block-jet-forms-select-field\">\n<div class=\"jet-form-builder__label\">\r\n<label class=\"jet-form-builder__label-text\" for=\"projeto\">Para qual projeto quer se inscrever? <span class=\"jet-form-builder__required\">*<\/span><\/label><\/div><div class=\"jet-form-builder__field-wrap\">\n\t<select class=\"jet-form-builder__field select-field\" required=\"required\" name=\"projeto\" data-field-name=\"projeto\" id=\"projeto\" data-jfb-sync=\"null\">\n\t\t<option value=\"0\" >Selecione<\/option><option value=\"Condutor de Turismo\" >Projeto Condutor de Turismo<\/option><option value=\"Corte e Costura\" >Projeto Corte e Costura<\/option>\t<\/select>\n<\/div>\n<\/div><\/div>\n<\/div>\n\n\n\n<div style=\"height:100px\" aria-hidden=\"true\" class=\"wp-block-spacer\"><\/div>\n\n\n<fieldset  class=\"jet-form-builder-row field-type-checkbox-field\" >\n<legend class=\"jet-form-builder__label\"><span class=\"jet-form-builder__label-text\">Este formul\u00e1rio faz parte do Programa Opera\u00e7\u00e3o Trabalho, promovido pelo Munic\u00edpio de Guapimirim. Os dados pessoais aqui coletados, como CPF, ra\u00e7a\/cor e outras informa\u00e7\u00f5es, ser\u00e3o utilizados exclusivamente para fins institucionais, visando a organiza\u00e7\u00e3o, controle e execu\u00e7\u00e3o das a\u00e7\u00f5es do programa.O tratamento das informa\u00e7\u00f5es respeita a Lei Geral de Prote\u00e7\u00e3o de Dados (LGPD \u2013 Lei n\u00ba 13.709\/2018), garantindo sigilo, seguran\u00e7a e n\u00e3o compartilhamento com terceiros.Ao continuar, voc\u00ea declara estar ciente e autoriza o uso dos dados conforme descrito acima. <span class=\"jet-form-builder__required\">*<\/span><\/span><\/legend><div class=\"jet-form-builder__fields-group checkradio-wrap\" data-jfb-sync><div class=\"jet-form-builder__field-wrap checkboxes-wrap checkradio-wrap\"><label class=\"jet-form-builder__field-label for-checkbox\">\n<input type=\"checkbox\" name=\"aceite\" value=\"declaro ci\u00eancia e autorizo\" data-field-name=\"aceite\"  class=\"jet-form-builder__field checkboxes-field checkradio-field\" required=\"required\"><span>declaro estar ciente e autoriza o uso dos dados conforme descrito acima<\/span><\/label><\/div><\/div>\n<\/fieldset>\n\n\n<div style=\"height:100px\" aria-hidden=\"true\" class=\"wp-block-spacer\"><\/div>\n\n\n<div  class=\"jet-form-builder-row field-type-submit-field\" >\n\t<div data-type=\"submit\" class=\"jet-form-builder__action-button-wrapper jet-form-builder__submit-wrap\">\n\t<button class=\"jet-form-builder__action-button jet-form-builder__submit submit-type-reload\" type=\"submit\">Enviar Cadastro<\/button>\n\t<\/div>\n\t\n<\/div>\n\n<div class=\"jet-form__check-mark\"><div class=\"jet-form__check-mark--default\"><\/div><div class=\"jet-form__check-mark--checked\"><\/div><\/div>\n\n\n<div style=\"height:100px\" aria-hidden=\"true\" class=\"wp-block-spacer\"><\/div>\n\n\n\t<div class=\"jet-form-builder-messages-wrap\" data-form-id=\"3322\"><\/div>\n<\/form>\n\t\t\t\t<\/div>\n\t\t\t\t<\/div>\n\t\t\t\t<div class=\"elementor-element elementor-element-a3eef3f elementor-widget elementor-widget-spacer\" data-id=\"a3eef3f\" data-element_type=\"widget\" data-widget_type=\"spacer.default\">\n\t\t\t\t<div class=\"elementor-widget-container\">\n\t\t\t\t\t\t\t<div class=\"elementor-spacer\">\n\t\t\t<div class=\"elementor-spacer-inner\"><\/div>\n\t\t<\/div>\n\t\t\t\t\t\t<\/div>\n\t\t\t\t<\/div>\n\t\t\t\t\t<\/div>\n\t\t\t\t<\/div>\n\t\t\t\t<\/div>\n\t\t","protected":false},"excerpt":{"rendered":"<p>Nome completo: * Email: * \u00a0 Usado exclusivamente para comunica\u00e7\u00e3o institucional. N\u00e3o ser\u00e1 compartilhado com terceiros.\u00a0 Data de nascimento: * G\u00eanero: * Masculino Feminino Prefiro n\u00e3o informar Ra\u00e7a: * SelecionePreto(a)Pardo(a)Branco(a)Amarelo(a)Ind\u00edgenaOutro CPF: * Este dado ser\u00e1 utilizado exclusivamente para identifica\u00e7\u00e3o no Programa Opera\u00e7\u00e3o Trabalho, conforme a LGPD (Lei n\u00ba 13.709\/2018).\u00a0\u00a0 NIS: * Este dado ser\u00e1 utilizado [&hellip;]<\/p>\n","protected":false},"author":1,"featured_media":0,"parent":0,"menu_order":0,"comment_status":"closed","ping_status":"closed","template":"","meta":{"footnotes":""},"class_list":["post-3320","page","type-page","status-publish","hentry"],"_links":{"self":[{"href":"https:\/\/guapimirim.rj.gov.br\/novosite\/wp-json\/wp\/v2\/pages\/3320","targetHints":{"allow":["GET"]}}],"collection":[{"href":"https:\/\/guapimirim.rj.gov.br\/novosite\/wp-json\/wp\/v2\/pages"}],"about":[{"href":"https:\/\/guapimirim.rj.gov.br\/novosite\/wp-json\/wp\/v2\/types\/page"}],"author":[{"embeddable":true,"href":"https:\/\/guapimirim.rj.gov.br\/novosite\/wp-json\/wp\/v2\/users\/1"}],"replies":[{"embeddable":true,"href":"https:\/\/guapimirim.rj.gov.br\/novosite\/wp-json\/wp\/v2\/comments?post=3320"}],"version-history":[{"count":7,"href":"https:\/\/guapimirim.rj.gov.br\/novosite\/wp-json\/wp\/v2\/pages\/3320\/revisions"}],"predecessor-version":[{"id":3333,"href":"https:\/\/guapimirim.rj.gov.br\/novosite\/wp-json\/wp\/v2\/pages\/3320\/revisions\/3333"}],"wp:attachment":[{"href":"https:\/\/guapimirim.rj.gov.br\/novosite\/wp-json\/wp\/v2\/media?parent=3320"}],"curies":[{"name":"wp","href":"https:\/\/api.w.org\/{rel}","templated":true}]}}