{"id":1862,"date":"2025-09-09T18:30:09","date_gmt":"2025-09-09T21:30:09","guid":{"rendered":"https:\/\/guapimirim.rj.gov.br\/novosite\/?page_id=1862"},"modified":"2025-09-09T22:35:00","modified_gmt":"2025-09-10T01:35:00","slug":"formulario-loa-2026","status":"publish","type":"page","link":"https:\/\/guapimirim.rj.gov.br\/novosite\/formulario-loa-2026\/","title":{"rendered":"Formul\u00e1rio LOA 2026"},"content":{"rendered":"\t\t<div data-elementor-type=\"wp-page\" data-elementor-id=\"1862\" class=\"elementor elementor-1862\" data-elementor-settings=\"{&quot;ha_cmc_init_switcher&quot;:&quot;no&quot;}\" data-elementor-post-type=\"page\">\n\t\t\t\t<div class=\"elementor-element elementor-element-48f739b e-flex e-con-boxed e-con e-parent\" data-id=\"48f739b\" data-element_type=\"container\" data-settings=\"{&quot;background_background&quot;:&quot;classic&quot;,&quot;jet_parallax_layout_list&quot;:[],&quot;_ha_eqh_enable&quot;:false}\">\n\t\t\t\t\t<div class=\"e-con-inner\">\n\t\t\t\t<div class=\"elementor-element elementor-element-d2c10f3 elementor-hidden-mobile elementor-widget elementor-widget-image\" data-id=\"d2c10f3\" data-element_type=\"widget\" data-widget_type=\"image.default\">\n\t\t\t\t<div class=\"elementor-widget-container\">\n\t\t\t\t\t\t\t\t\t\t\t\t\t\t\t<img decoding=\"async\" src=\"https:\/\/guapimirim.rj.gov.br\/novosite\/wp-content\/uploads\/elementor\/thumbs\/banner-wide-loa26-rbiscmuefgww9t6jva8b6o3gfuvy9x99zsfzxu8kpc.jpg\" title=\"banner-wide-loa26\" alt=\"banner-wide-loa26\" loading=\"lazy\" \/>\t\t\t\t\t\t\t\t\t\t\t\t\t\t\t<\/div>\n\t\t\t\t<\/div>\n\t\t\t\t<div class=\"elementor-element elementor-element-b4ce07b elementor-hidden-desktop elementor-hidden-tablet elementor-widget elementor-widget-image\" data-id=\"b4ce07b\" data-element_type=\"widget\" data-widget_type=\"image.default\">\n\t\t\t\t<div class=\"elementor-widget-container\">\n\t\t\t\t\t\t\t\t\t\t\t\t\t\t\t<img fetchpriority=\"high\" decoding=\"async\" width=\"500\" height=\"500\" src=\"https:\/\/guapimirim.rj.gov.br\/novosite\/wp-content\/uploads\/2025\/09\/banner-quad-loa26.jpg\" class=\"attachment-large size-large wp-image-1866\" alt=\"\" srcset=\"https:\/\/guapimirim.rj.gov.br\/novosite\/wp-content\/uploads\/2025\/09\/banner-quad-loa26.jpg 500w, https:\/\/guapimirim.rj.gov.br\/novosite\/wp-content\/uploads\/2025\/09\/banner-quad-loa26-300x300.jpg 300w, https:\/\/guapimirim.rj.gov.br\/novosite\/wp-content\/uploads\/2025\/09\/banner-quad-loa26-150x150.jpg 150w\" sizes=\"(max-width: 500px) 100vw, 500px\" \/>\t\t\t\t\t\t\t\t\t\t\t\t\t\t\t<\/div>\n\t\t\t\t<\/div>\n\t\t\t\t\t<\/div>\n\t\t\t\t<\/div>\n\t\t<div class=\"elementor-element elementor-element-65ab7e6 e-flex e-con-boxed e-con e-parent\" data-id=\"65ab7e6\" data-element_type=\"container\" data-settings=\"{&quot;background_background&quot;:&quot;classic&quot;,&quot;jet_parallax_layout_list&quot;:[],&quot;_ha_eqh_enable&quot;:false}\">\n\t\t\t\t\t<div class=\"e-con-inner\">\n\t\t\t\t<div class=\"elementor-element elementor-element-fb2bdcf ha-has-bg-overlay elementor-widget elementor-widget-heading\" data-id=\"fb2bdcf\" data-element_type=\"widget\" data-widget_type=\"heading.default\">\n\t\t\t\t<div class=\"elementor-widget-container\">\n\t\t\t\t\t<h2 class=\"elementor-heading-title elementor-size-default\">PREENCHA O QUESTION\u00c1RIO ABAIXO E PARTICIPE VOC\u00ca TAMB\u00c9M DO GOVERNO DE SUA CIDADE<\/h2>\t\t\t\t<\/div>\n\t\t\t\t<\/div>\n\t\t\t\t<div class=\"elementor-element elementor-element-3616de3 elementor-widget elementor-widget-jet-form-builder-form\" data-id=\"3616de3\" data-element_type=\"widget\" data-widget_type=\"jet-form-builder-form.default\">\n\t\t\t\t<div class=\"elementor-widget-container\">\n\t\t\t\t\t<link rel='stylesheet' id='wp-block-library-css' href='https:\/\/guapimirim.rj.gov.br\/novosite\/wp-includes\/css\/dist\/block-library\/style.min.css?ver=a1c447ea7b3c0e3123974ea5e57ab805' media='all' \/>\n<style id=\"jet-form-builder-1896-inline-css\"><\/style><form  class=\"jet-form-builder layout-column submit-type-reload\" action=\"https:\/\/guapimirim.rj.gov.br\/novosite\/wp-json\/wp\/v2\/pages\/1862\/?XadI1J=PhdLkwcSCQ&amp;method=reload\" method=\"POST\" data-form-id=\"1896\" data-layout=\"column\" enctype=\"multipart\/form-data\" novalidate=\"null\" ssr_validation_method=\"rest\"><input type=\"hidden\" id=\"_wpnonce\" name=\"_wpnonce\" value=\"aeb4b61b6e\" \/><input type=\"hidden\" name=\"_wp_http_referer\" value=\"\/novosite\/wp-json\/wp\/v2\/pages\/1862\" \/>\r\n<input type=\"hidden\" name=\"_jfb_current_render_states[]\" value=\"DEFAULT.STATE\" data-jfb-sync \/><input type=\"hidden\" class=\"jet-form-builder__field hidden-field\" name=\"_jet_engine_booking_form_id\" data-field-name=\"_jet_engine_booking_form_id\" value=\"1896\">\n<input type=\"hidden\" class=\"jet-form-builder__field hidden-field\" name=\"_jet_engine_refer\" data-field-name=\"_jet_engine_refer\" value=\"https:\/\/guapimirim.rj.gov.br\/novosite\/wp-json\/wp\/v2\/pages\/1862\/\">\n<input type=\"hidden\" class=\"jet-form-builder__field hidden-field\" name=\"__queried_post_id\" data-field-name=\"__queried_post_id\" value=\"1862\">\n\n\n\n\n<div  class=\"jet-form-builder-row field-type-text-field\" >\n<div class=\"jet-form-builder__label\">\r\n<div class=\"jet-form-builder__label-text\">Nome <span class=\"jet-form-builder__required\">*<\/span><\/div><\/div><div class=\"jet-form-builder__field-wrap\">\n\t\t\t\t<input required=\"required\" name=\"nome\" id=\"nome\" type=\"text\" data-field-name=\"nome\" class=\"jet-form-builder__field text-field\" data-jfb-sync=\"null\" autocomplete=\"off_KyfkRmBI\">\n\t\t\t\t\t<\/div>\n<\/div>\n\n\n<div class=\"wp-block-columns is-layout-flex wp-container-core-columns-is-layout-28f84493 wp-block-columns-is-layout-flex\">\n<div class=\"wp-block-column is-layout-flow wp-block-column-is-layout-flow\"><div  class=\"jet-form-builder-row field-type-text-field\" >\n<div class=\"jet-form-builder__label\">\r\n<div class=\"jet-form-builder__label-text\">Email <span class=\"jet-form-builder__required\">*<\/span><\/div><\/div><div class=\"jet-form-builder__field-wrap\">\n\t\t\t\t<input required=\"required\" name=\"email\" id=\"email\" type=\"email\" data-field-name=\"email\" class=\"jet-form-builder__field text-field\" data-jfb-sync=\"null\" autocomplete=\"off_05pQuZUH\">\n\t\t\t\t\t<\/div>\n<\/div><\/div>\n\n\n\n<div class=\"wp-block-column is-layout-flow wp-block-column-is-layout-flow\"><div  class=\"jet-form-builder-row field-type-text-field\" >\n<div class=\"jet-form-builder__label\">\r\n<div class=\"jet-form-builder__label-text\">seu bairro <span class=\"jet-form-builder__required\">*<\/span><\/div><\/div><div class=\"jet-form-builder__field-wrap\">\n\t\t\t\t<input required=\"required\" name=\"seu_bairro\" id=\"seu_bairro\" type=\"text\" data-field-name=\"seu_bairro\" class=\"jet-form-builder__field text-field\" data-jfb-sync=\"null\" autocomplete=\"off_eIW2h4ts\">\n\t\t\t\t\t<\/div>\n<\/div><\/div>\n<\/div>\n\n\n\n<div class=\"wp-block-columns is-layout-flex wp-container-core-columns-is-layout-28f84493 wp-block-columns-is-layout-flex\">\n<div class=\"wp-block-column is-layout-flow wp-block-column-is-layout-flow\"><div  class=\"jet-form-builder-row field-type-checkbox-field\" >\n<div class=\"jet-form-builder__label\">\r\n<div class=\"jet-form-builder__label-text\">Na sua opini\u00e3o quais os principais problemas no seu bairro ou regi\u00e3o? <span class=\"jet-form-builder__required\">*<\/span><\/div><\/div><div class=\"jet-form-builder__fields-group checkradio-wrap\" data-jfb-sync><div class=\"jet-form-builder__field-wrap checkboxes-wrap checkradio-wrap\"><label class=\"jet-form-builder__field-label for-checkbox\">\n<input type=\"checkbox\" name=\"opiniao_problemas[]\" value=\"Asfalto ruim ou falta\" data-field-name=\"opiniao_problemas\"  class=\"jet-form-builder__field checkboxes-field checkradio-field\" required=\"required\"><span>Asfalto ruim ou falta<\/span><\/label><\/div><div class=\"jet-form-builder__field-wrap checkboxes-wrap checkradio-wrap\"><label class=\"jet-form-builder__field-label for-checkbox\">\n<input type=\"checkbox\" name=\"opiniao_problemas[]\" value=\"Criminalidade\" data-field-name=\"opiniao_problemas\"  class=\"jet-form-builder__field checkboxes-field checkradio-field\" required=\"required\"><span>Criminalidade<\/span><\/label><\/div><div class=\"jet-form-builder__field-wrap checkboxes-wrap checkradio-wrap\"><label class=\"jet-form-builder__field-label for-checkbox\">\n<input type=\"checkbox\" name=\"opiniao_problemas[]\" value=\"Ilumina\u00e7\u00e3o ruim\" data-field-name=\"opiniao_problemas\"  class=\"jet-form-builder__field checkboxes-field checkradio-field\" required=\"required\"><span>Ilumina\u00e7\u00e3o ruim<\/span><\/label><\/div><div class=\"jet-form-builder__field-wrap checkboxes-wrap checkradio-wrap\"><label class=\"jet-form-builder__field-label for-checkbox\">\n<input type=\"checkbox\" name=\"opiniao_problemas[]\" value=\"Falta de \u00e1rea de lazer e\/ou de pr\u00e1tica esportiva\" data-field-name=\"opiniao_problemas\"  class=\"jet-form-builder__field checkboxes-field checkradio-field\" required=\"required\"><span>Falta de \u00e1rea de lazer e\/ou de pr\u00e1tica esportiva<\/span><\/label><\/div><div class=\"jet-form-builder__field-wrap checkboxes-wrap checkradio-wrap\"><label class=\"jet-form-builder__field-label for-checkbox\">\n<input type=\"checkbox\" name=\"opiniao_problemas[]\" value=\"Falta ou falha na limpeza urbana\" data-field-name=\"opiniao_problemas\"  class=\"jet-form-builder__field checkboxes-field checkradio-field\" required=\"required\"><span>Falta ou falha na limpeza urbana<\/span><\/label><\/div><div class=\"jet-form-builder__field-wrap checkboxes-wrap checkradio-wrap\"><label class=\"jet-form-builder__field-label for-checkbox\">\n<input type=\"checkbox\" name=\"opiniao_problemas[]\" value=\"Alagamentos ou enxurradas\" data-field-name=\"opiniao_problemas\"  class=\"jet-form-builder__field checkboxes-field checkradio-field\" required=\"required\"><span>Alagamentos ou enxurradas<\/span><\/label><\/div><div class=\"jet-form-builder__field-wrap checkboxes-wrap checkradio-wrap\"><label class=\"jet-form-builder__field-label for-checkbox\">\n<input type=\"checkbox\" name=\"opiniao_problemas[]\" value=\"Acidentes de tr\u00e2nsito\" data-field-name=\"opiniao_problemas\"  class=\"jet-form-builder__field checkboxes-field checkradio-field\" required=\"required\"><span>Acidentes de tr\u00e2nsito<\/span><\/label><\/div><div class=\"jet-form-builder__field-wrap checkboxes-wrap checkradio-wrap\"><label class=\"jet-form-builder__field-label for-checkbox\">\n<input type=\"checkbox\" name=\"opiniao_problemas[]\" value=\"Coleta de lixo ruim ou insuficiente\" data-field-name=\"opiniao_problemas\"  class=\"jet-form-builder__field checkboxes-field checkradio-field\" required=\"required\"><span>Coleta de lixo ruim ou insuficiente<\/span><\/label><\/div><div class=\"jet-form-builder__field-wrap checkboxes-wrap checkradio-wrap\"><label class=\"jet-form-builder__field-label for-checkbox\">\n<input type=\"checkbox\" name=\"opiniao_problemas[]\" value=\"Falta de posto de sa\u00fade (UBS)\" data-field-name=\"opiniao_problemas\"  class=\"jet-form-builder__field checkboxes-field checkradio-field\" required=\"required\"><span>Falta de posto de sa\u00fade (UBS)<\/span><\/label><\/div><div class=\"jet-form-builder__field-wrap checkboxes-wrap checkradio-wrap\"><label class=\"jet-form-builder__field-label for-checkbox\">\n<input type=\"checkbox\" name=\"opiniao_problemas[]\" value=\"Falta ou insufici\u00eancia de escolas\/creches\" data-field-name=\"opiniao_problemas\"  class=\"jet-form-builder__field checkboxes-field checkradio-field\" required=\"required\"><span>Falta ou insufici\u00eancia de escolas\/creches<\/span><\/label><\/div><div class=\"jet-form-builder__field-wrap checkboxes-wrap checkradio-wrap\"><label class=\"jet-form-builder__field-label for-checkbox\">\n<input type=\"checkbox\" name=\"opiniao_problemas[]\" value=\"Falta ou insufici\u00eancia de projetos sociais\" data-field-name=\"opiniao_problemas\"  class=\"jet-form-builder__field checkboxes-field checkradio-field\" required=\"required\"><span>Falta ou insufici\u00eancia de projetos sociais<\/span><\/label><\/div><\/div><div class=\"jet-form-builder__desc\"><small>(Escolha no m\u00e1ximo 3 op\u00e7\u00f5es)<\/small><\/div>\n<\/div><\/div>\n\n\n\n<div class=\"wp-block-column is-layout-flow wp-block-column-is-layout-flow\"><div  class=\"jet-form-builder-row field-type-checkbox-field\" >\n<div class=\"jet-form-builder__label\">\r\n<div class=\"jet-form-builder__label-text\">Na sua opini\u00e3o quais devem ser as prioridades para no seu bairro ou regi\u00e3o? <span class=\"jet-form-builder__required\">*<\/span><\/div><\/div><div class=\"jet-form-builder__fields-group checkradio-wrap\" data-jfb-sync><div class=\"jet-form-builder__field-wrap checkboxes-wrap checkradio-wrap\"><label class=\"jet-form-builder__field-label for-checkbox\">\n<input type=\"checkbox\" name=\"opiniao_prioridades[]\" value=\"Esporte e lazer\" data-field-name=\"opiniao_prioridades\"  class=\"jet-form-builder__field checkboxes-field checkradio-field\" required=\"required\"><span>Esporte e lazer<\/span><\/label><\/div><div class=\"jet-form-builder__field-wrap checkboxes-wrap checkradio-wrap\"><label class=\"jet-form-builder__field-label for-checkbox\">\n<input type=\"checkbox\" name=\"opiniao_prioridades[]\" value=\"Coleta de lixo\" data-field-name=\"opiniao_prioridades\"  class=\"jet-form-builder__field checkboxes-field checkradio-field\" required=\"required\"><span>Coleta de lixo<\/span><\/label><\/div><div class=\"jet-form-builder__field-wrap checkboxes-wrap checkradio-wrap\"><label class=\"jet-form-builder__field-label for-checkbox\">\n<input type=\"checkbox\" name=\"opiniao_prioridades[]\" value=\"Pavimenta\u00e7\u00e3o\" data-field-name=\"opiniao_prioridades\"  class=\"jet-form-builder__field checkboxes-field checkradio-field\" required=\"required\"><span>Pavimenta\u00e7\u00e3o<\/span><\/label><\/div><div class=\"jet-form-builder__field-wrap checkboxes-wrap checkradio-wrap\"><label class=\"jet-form-builder__field-label for-checkbox\">\n<input type=\"checkbox\" name=\"opiniao_prioridades[]\" value=\"Saneamento\" data-field-name=\"opiniao_prioridades\"  class=\"jet-form-builder__field checkboxes-field checkradio-field\" required=\"required\"><span>Saneamento<\/span><\/label><\/div><div class=\"jet-form-builder__field-wrap checkboxes-wrap checkradio-wrap\"><label class=\"jet-form-builder__field-label for-checkbox\">\n<input type=\"checkbox\" name=\"opiniao_prioridades[]\" value=\"A\u00e7\u00e3o social\" data-field-name=\"opiniao_prioridades\"  class=\"jet-form-builder__field checkboxes-field checkradio-field\" required=\"required\"><span>A\u00e7\u00e3o social<\/span><\/label><\/div><div class=\"jet-form-builder__field-wrap checkboxes-wrap checkradio-wrap\"><label class=\"jet-form-builder__field-label for-checkbox\">\n<input type=\"checkbox\" name=\"opiniao_prioridades[]\" value=\"Ilumina\u00e7\u00e3o p\u00fablica\" data-field-name=\"opiniao_prioridades\"  class=\"jet-form-builder__field checkboxes-field checkradio-field\" required=\"required\"><span>Ilumina\u00e7\u00e3o p\u00fablica<\/span><\/label><\/div><div class=\"jet-form-builder__field-wrap checkboxes-wrap checkradio-wrap\"><label class=\"jet-form-builder__field-label for-checkbox\">\n<input type=\"checkbox\" name=\"opiniao_prioridades[]\" value=\"Turismo\" data-field-name=\"opiniao_prioridades\"  class=\"jet-form-builder__field checkboxes-field checkradio-field\" required=\"required\"><span>Turismo<\/span><\/label><\/div><div class=\"jet-form-builder__field-wrap checkboxes-wrap checkradio-wrap\"><label class=\"jet-form-builder__field-label for-checkbox\">\n<input type=\"checkbox\" name=\"opiniao_prioridades[]\" value=\"Habita\u00e7\u00e3o\" data-field-name=\"opiniao_prioridades\"  class=\"jet-form-builder__field checkboxes-field checkradio-field\" required=\"required\"><span>Habita\u00e7\u00e3o<\/span><\/label><\/div><div class=\"jet-form-builder__field-wrap checkboxes-wrap checkradio-wrap\"><label class=\"jet-form-builder__field-label for-checkbox\">\n<input type=\"checkbox\" name=\"opiniao_prioridades[]\" value=\"Pagamento de d\u00edvidas\" data-field-name=\"opiniao_prioridades\"  class=\"jet-form-builder__field checkboxes-field checkradio-field\" required=\"required\"><span>Pagamento de d\u00edvidas<\/span><\/label><\/div><div class=\"jet-form-builder__field-wrap checkboxes-wrap checkradio-wrap\"><label class=\"jet-form-builder__field-label for-checkbox\">\n<input type=\"checkbox\" name=\"opiniao_prioridades[]\" value=\"Aplica\u00e7\u00e3o em sa\u00fade\" data-field-name=\"opiniao_prioridades\"  class=\"jet-form-builder__field checkboxes-field checkradio-field\" required=\"required\"><span>Aplica\u00e7\u00e3o em sa\u00fade<\/span><\/label><\/div><div class=\"jet-form-builder__field-wrap checkboxes-wrap checkradio-wrap\"><label class=\"jet-form-builder__field-label for-checkbox\">\n<input type=\"checkbox\" name=\"opiniao_prioridades[]\" value=\"Aplica\u00e7\u00e3o em educa\u00e7\u00e3o\" data-field-name=\"opiniao_prioridades\"  class=\"jet-form-builder__field checkboxes-field checkradio-field\" required=\"required\"><span>Aplica\u00e7\u00e3o em educa\u00e7\u00e3o<\/span><\/label><\/div><div class=\"jet-form-builder__field-wrap checkboxes-wrap checkradio-wrap\"><label class=\"jet-form-builder__field-label for-checkbox\">\n<input type=\"checkbox\" name=\"opiniao_prioridades[]\" value=\"Aumento de receitas\" data-field-name=\"opiniao_prioridades\"  class=\"jet-form-builder__field checkboxes-field checkradio-field\" required=\"required\"><span>Aumento de receitas<\/span><\/label><\/div><div class=\"jet-form-builder__field-wrap checkboxes-wrap checkradio-wrap\"><label class=\"jet-form-builder__field-label for-checkbox\">\n<input type=\"checkbox\" name=\"opiniao_prioridades[]\" value=\"Concurso p\u00fablico\" data-field-name=\"opiniao_prioridades\"  class=\"jet-form-builder__field checkboxes-field checkradio-field\" required=\"required\"><span>Concurso p\u00fablico<\/span><\/label><\/div><div class=\"jet-form-builder__field-wrap checkboxes-wrap checkradio-wrap\"><label class=\"jet-form-builder__field-label for-checkbox\">\n<input type=\"checkbox\" name=\"opiniao_prioridades[]\" value=\"Arrecada\u00e7\u00e3o tribut\u00e1ria\" data-field-name=\"opiniao_prioridades\"  class=\"jet-form-builder__field checkboxes-field checkradio-field\" required=\"required\"><span>Arrecada\u00e7\u00e3o tribut\u00e1ria<\/span><\/label><\/div><div class=\"jet-form-builder__field-wrap checkboxes-wrap checkradio-wrap\"><label class=\"jet-form-builder__field-label for-checkbox\">\n<input type=\"checkbox\" name=\"opiniao_prioridades[]\" value=\"Limite de gasto com pessoal\" data-field-name=\"opiniao_prioridades\"  class=\"jet-form-builder__field checkboxes-field checkradio-field\" required=\"required\"><span>Limite de gasto com pessoal<\/span><\/label><\/div><div class=\"jet-form-builder__field-wrap checkboxes-wrap checkradio-wrap\"><label class=\"jet-form-builder__field-label for-checkbox\">\n<input type=\"checkbox\" name=\"opiniao_prioridades[]\" value=\"Despesas de capital\" data-field-name=\"opiniao_prioridades\"  class=\"jet-form-builder__field checkboxes-field checkradio-field\" required=\"required\"><span>Despesas de capital<\/span><\/label><\/div><div class=\"jet-form-builder__field-wrap checkboxes-wrap checkradio-wrap\"><label class=\"jet-form-builder__field-label for-checkbox\">\n<input type=\"checkbox\" name=\"opiniao_prioridades[]\" value=\"Subven\u00e7\u00e3o social\" data-field-name=\"opiniao_prioridades\"  class=\"jet-form-builder__field checkboxes-field checkradio-field\" required=\"required\"><span>Subven\u00e7\u00e3o social<\/span><\/label><\/div><div class=\"jet-form-builder__field-wrap checkboxes-wrap checkradio-wrap\"><label class=\"jet-form-builder__field-label for-checkbox\">\n<input type=\"checkbox\" name=\"opiniao_prioridades[]\" value=\"Incentivo na produ\u00e7\u00e3o local\" data-field-name=\"opiniao_prioridades\"  class=\"jet-form-builder__field checkboxes-field checkradio-field\" required=\"required\"><span>Incentivo na produ\u00e7\u00e3o local<\/span><\/label><\/div><div class=\"jet-form-builder__field-wrap checkboxes-wrap checkradio-wrap\"><label class=\"jet-form-builder__field-label for-checkbox\">\n<input type=\"checkbox\" name=\"opiniao_prioridades[]\" value=\"Aumentar policiamento\" data-field-name=\"opiniao_prioridades\"  class=\"jet-form-builder__field checkboxes-field checkradio-field\" required=\"required\"><span>Aumentar policiamento<\/span><\/label><\/div><div class=\"jet-form-builder__field-wrap checkboxes-wrap checkradio-wrap\"><label class=\"jet-form-builder__field-label for-checkbox\">\n<input type=\"checkbox\" name=\"opiniao_prioridades[]\" value=\"outro\" data-field-name=\"opiniao_prioridades\"  class=\"jet-form-builder__field checkboxes-field checkradio-field\" required=\"required\"><span>Outro<\/span><\/label><\/div><\/div><div class=\"jet-form-builder__desc\"><small>(Escolha no m\u00e1ximo 3 op\u00e7\u00f5es)<\/small><\/div>\n<\/div>\n\n<div  class=\"jet-form-builder-row field-type-text-field\" >\n<div class=\"jet-form-builder__label\">\r\n<div class=\"jet-form-builder__label-text\">se escolheu outro, descreva aqui<\/div><\/div><div class=\"jet-form-builder__field-wrap\">\n\t\t\t\t<input name=\"se_escolheu_outro_descreva_aqui\" id=\"se_escolheu_outro_descreva_aqui\" type=\"text\" data-field-name=\"se_escolheu_outro_descreva_aqui\" class=\"jet-form-builder__field text-field\" data-jfb-sync=\"null\" autocomplete=\"off_hrv0SsWm\">\n\t\t\t\t\t<\/div>\n<\/div><\/div>\n<\/div>\n\n\n<div  class=\"jet-form-builder-row field-type-textarea-field\" >\n<div class=\"jet-form-builder__label\">\r\n<div class=\"jet-form-builder__label-text\">Gostaria de deixar alguma<br>sugest\u00e3o?<\/div><\/div><div class=\"jet-form-builder__field-wrap\">\n\t\t<textarea class=\"jet-form-builder__field textarea-field\" name=\"gostaria_de_deixar_alguma_br_sugestao\" data-field-name=\"gostaria_de_deixar_alguma_br_sugestao\" id=\"gostaria_de_deixar_alguma_br_sugestao\" data-jfb-sync=\"null\"><\/textarea>\n\t<\/div>\n<\/div>\n\n<div  class=\"jet-form-builder-row field-type-submit-field\" >\n\t<div data-type=\"submit\" class=\"jet-form-builder__action-button-wrapper jet-form-builder__submit-wrap\">\n\t<button class=\"jet-form-builder__action-button jet-form-builder__submit submit-type-reload\" type=\"submit\">Enviar sua sugest\u00e3o<\/button>\n\t<\/div>\n\t\n<\/div>\t<div class=\"jet-form-builder-messages-wrap\" data-form-id=\"1896\"><\/div>\n<\/form>\n\t\t\t\t<\/div>\n\t\t\t\t<\/div>\n\t\t\t\t\t<\/div>\n\t\t\t\t<\/div>\n\t\t<div class=\"elementor-element elementor-element-6c0173e e-flex e-con-boxed e-con e-parent\" data-id=\"6c0173e\" data-element_type=\"container\" data-settings=\"{&quot;background_background&quot;:&quot;classic&quot;,&quot;jet_parallax_layout_list&quot;:[],&quot;_ha_eqh_enable&quot;:false}\">\n\t\t\t\t\t<div class=\"e-con-inner\">\n\t\t\t\t<div class=\"elementor-element elementor-element-39849ac elementor-widget elementor-widget-spacer\" data-id=\"39849ac\" data-element_type=\"widget\" data-widget_type=\"spacer.default\">\n\t\t\t\t<div class=\"elementor-widget-container\">\n\t\t\t\t\t\t\t<div class=\"elementor-spacer\">\n\t\t\t<div class=\"elementor-spacer-inner\"><\/div>\n\t\t<\/div>\n\t\t\t\t\t\t<\/div>\n\t\t\t\t<\/div>\n\t\t\t\t\t<\/div>\n\t\t\t\t<\/div>\n\t\t\t\t<\/div>\n\t\t","protected":false},"excerpt":{"rendered":"<p>PREENCHA O QUESTION\u00c1RIO ABAIXO E PARTICIPE VOC\u00ca TAMB\u00c9M DO GOVERNO DE SUA CIDADE Nome * Email * seu bairro * Na sua opini\u00e3o quais os principais problemas no seu bairro ou regi\u00e3o? * Asfalto ruim ou falta Criminalidade Ilumina\u00e7\u00e3o ruim Falta de \u00e1rea de lazer e\/ou de pr\u00e1tica esportiva Falta ou falha na limpeza urbana [&hellip;]<\/p>\n","protected":false},"author":1,"featured_media":0,"parent":0,"menu_order":0,"comment_status":"closed","ping_status":"closed","template":"","meta":{"footnotes":""},"class_list":["post-1862","page","type-page","status-publish","hentry"],"_links":{"self":[{"href":"https:\/\/guapimirim.rj.gov.br\/novosite\/wp-json\/wp\/v2\/pages\/1862","targetHints":{"allow":["GET"]}}],"collection":[{"href":"https:\/\/guapimirim.rj.gov.br\/novosite\/wp-json\/wp\/v2\/pages"}],"about":[{"href":"https:\/\/guapimirim.rj.gov.br\/novosite\/wp-json\/wp\/v2\/types\/page"}],"author":[{"embeddable":true,"href":"https:\/\/guapimirim.rj.gov.br\/novosite\/wp-json\/wp\/v2\/users\/1"}],"replies":[{"embeddable":true,"href":"https:\/\/guapimirim.rj.gov.br\/novosite\/wp-json\/wp\/v2\/comments?post=1862"}],"version-history":[{"count":37,"href":"https:\/\/guapimirim.rj.gov.br\/novosite\/wp-json\/wp\/v2\/pages\/1862\/revisions"}],"predecessor-version":[{"id":1926,"href":"https:\/\/guapimirim.rj.gov.br\/novosite\/wp-json\/wp\/v2\/pages\/1862\/revisions\/1926"}],"wp:attachment":[{"href":"https:\/\/guapimirim.rj.gov.br\/novosite\/wp-json\/wp\/v2\/media?parent=1862"}],"curies":[{"name":"wp","href":"https:\/\/api.w.org\/{rel}","templated":true}]}}